{"id":4118,"date":"2026-02-28T14:41:03","date_gmt":"2026-02-28T12:41:03","guid":{"rendered":"https:\/\/www.alpinsolv.ro\/lichidaristocuri\/?post_type=product&#038;p=4118"},"modified":"2026-03-19T20:04:42","modified_gmt":"2026-03-19T18:04:42","slug":"locativserv-srl-licitatie-publica","status":"publish","type":"product","link":"https:\/\/www.alpinsolv.ro\/lichidaristocuri\/product\/locativserv-srl-licitatie-publica\/","title":{"rendered":"LOCATIVSERV SRL &#8211; Licita\u021bie public\u0103"},"content":{"rendered":"<p><span style=\"color: #000000\">Se face cunoscut c\u0103 \u00een ziua de<strong> 02 Aprilie 2025, ora 14:00,<\/strong> \u00een mun. Piatra Neam\u021b, str. Plevnei,\u00a0 nr. 3, bl. G10, sc. C, et. P, ap. 41, jud. Neam\u0163, se va vinde prin licita\u021bie public\u0103 cu strigare, activele de\u021binute de societatea debitoare LOCATIVSERV SRL &#8211; \u00een lichidare, <span class=\"NormalTextRun SCXW113086810 BCX8\">(<\/span><span class=\"NormalTextRun SCXW113086810 BCX8\">RO24607639<\/span><span class=\"NormalTextRun SCXW113086810 BCX8\">; J27\/1550\/2008<\/span><span class=\"NormalTextRun SCXW113086810 BCX8\">)<\/span>, <span class=\"NormalTextRun SCXW113086810 BCX8\">a <\/span><span class=\"NormalTextRun SCXW113086810 BCX8\">unor bunuri <\/span><span class=\"NormalTextRun SCXW113086810 BCX8\">de natura <\/span><span class=\"NormalTextRun SCXW113086810 BCX8\">Mijloacelor fixe \u0219i a <\/span><span class=\"NormalTextRun SCXW113086810 BCX8\">Obiectelor de inventar <\/span><span class=\"NormalTextRun SCXW113086810 BCX8\">aflate \u00een folosin\u021b\u0103<\/span><span class=\"NormalTextRun SCXW113086810 BCX8\"> (autoturisme, amenaj\u0103ri interioare<\/span><span class=\"NormalTextRun SCXW113086810 BCX8\">, <\/span><span class=\"NormalTextRun SCXW113086810 BCX8\">aparatur\u0103 de m\u0103surare \u0219i control, <\/span><span class=\"NormalTextRun SCXW113086810 BCX8\">mobilier de birou, tehnica de calcul<\/span><span class=\"NormalTextRun SCXW113086810 BCX8\">, birotica, etc) <\/span><span class=\"NormalTextRun SCXW113086810 BCX8\">la o valoare ini\u021bial\u0103 de<\/span><span class=\"NormalTextRun SCXW113086810 BCX8\"> plecare <\/span><span class=\"NormalTextRun SCXW113086810 BCX8\">de 83.265,35<\/span><span class=\"NormalTextRun SCXW113086810 BCX8\">\u00a0lei <\/span><span class=\"NormalTextRun SCXW113086810 BCX8\">f\u0103r\u0103 TVA. Se percepe TVA. <\/span><\/span><span style=\"color: #000000\">Licita\u021bia se va desf\u0103\u0219ura \u00een conformitate cu Regulamentul de v\u00e2nzare. Ofertan\u021bii vor depune cel mai t\u00e2rziu \u00een ziua licita\u021biei, ora <\/span><strong style=\"color: #000000\">13.00<\/strong><span style=\"color: #000000\">, documentele necesare, astfel:<\/span><\/p>\n<p><span style=\"color: #000000\">Pentru <strong><em>persoanele juridice \u0219i persoanele fizice autorizate <\/em><\/strong>:<\/span><\/p>\n<ul>\n<li>dovada achit\u0103rii garan\u021biei de participare la licita\u021bie (copie certificat\u0103);<\/li>\n<li>actul care atest\u0103 \u00eemputernicirea acordat\u0103 persoanei care reprezint\u0103 poten\u021bialul cump\u0103r\u0103tor \u00een vederea particip\u0103rii la Licita\u021bie (original);<\/li>\n<li>certificatul de \u00eenregistrare la Oficiul Registrului Comer\u021bului (copie certificat\u0103);<\/li>\n<li>certificat de \u00eenregistrare ca pl\u0103titor de TVA (copie certificat\u0103);<\/li>\n<li>pentru entit\u0103\u021bile aflate \u00een procedura insolven\u021bei se va prezenta acordul de participare scris al administratorului\/lichidatorului judiciar (original);<\/li>\n<li>oferta de participare la licita\u021bie, cu suma oferit\u0103 pentru activul licitat (original), care nu poate fi mai mic\u0103 dec\u00e2t pre\u021bul de \u00eencepere;<\/li>\n<\/ul>\n<p><span style=\"color: #000000\">Pentru <strong><em>persoanele fizice <\/em><\/strong>:<\/span><\/p>\n<ul>\n<li>dovada achit\u0103rii garan\u021biei de participare la licita\u021bie (copie certificat\u0103);<\/li>\n<li>actul care atest\u0103 \u00eemputernicirea acordat\u0103 persoanei care reprezint\u0103 poten\u021bialul cump\u0103r\u0103tor \u00een vederea particip\u0103rii la Licita\u021bie (original);<\/li>\n<li>actul de identitate, BI\/CI\/pa\u0219aport (copie certificat\u0103);<\/li>\n<li>oferta de participare la licita\u021bie, cu suma oferit\u0103 pentru activul licitat (original), care nu poate fi mai mic\u0103 dec\u00e2t valoarea de plecare;<\/li>\n<\/ul>\n<p><span style=\"color: #000000\">Toate documentele men\u021bionate se depun \u00eempreun\u0103 \u00eentr-un plic, sigilat \u015fi \u00eenchis, la registratura lichidatorului judiciar. Pe plic vor fi \u00eenscrise urm\u0103toarele informa\u0163ii:<\/span><\/p>\n<ul>\n<li><span style=\"color: #000000\">numele \u015fi prenumele sau denumirea ofertantului, domiciliul, respectiv sediul acestuia, numerele de telefon \u015fi de fax;<\/span><\/li>\n<li><span style=\"color: #000000\">numele \u015fi prenumele, precum \u015fi calitatea reprezentantului care particip\u0103 la licita\u021bie.<\/span><\/li>\n<\/ul>\n<p>Toate documentele men\u021bionate se depun \u00eempreun\u0103 \u00eentr-un plic, sigilat \u015fi \u00eenchis, la registratura lichidatorului. Pe plic vor fi \u00eenscrise urm\u0103toarele informa\u0163ii:<\/p>\n<ul>\n<li>numele \u015fi prenumele sau denumirea ofertantului, domiciliul, respectiv sediul acestuia, numerele de telefon \u015fi de fax;<\/li>\n<li>numele \u015fi prenumele, precum \u015fi calitatea reprezentantului care particip\u0103 la licita\u021bie.<\/li>\n<\/ul>\n<p>Garan\u0163ia de participare se restituie integral tuturor participan\u0163ilor, cu excep\u0163ia ofertantului declarat c\u00e2\u015ftig\u0103tor al licita\u0163iei, pentru care garan\u0163ia se re\u0163ine \u00een contul pre\u0163ului; ofertantului care nu depune p\u00e2n\u0103 la termenul limit\u0103 plicul cu documentele cerute, chiar dac\u0103 se prezint\u0103 la ora organiz\u0103rii licita\u0163iei publice; c\u00e2\u015ftig\u0103torului\u00a0 licita\u0163iei\u00a0 publice cu\u00a0 strigare,\u00a0 care refuz\u0103\u00a0 s\u0103 semneze contractul de v\u00e2nzare-cump\u0103rare \u00een condi\u0163iile prev\u0103zute \u00een caietul de sarcini.<\/p>\n<p>Documentele depuse dup\u0103 termen nu sunt luate \u00een considerare. Date suplimentare privind descrierea bunurilor scoase la v\u00e2nzare \u015fi condi\u0163iile de desf\u0103\u015furare a licita\u021biei sunt cuprinse \u00een Caietul de sarcini, ce poate fi ob\u0163inut de la sediul lichidatorului de luni p\u00e2n\u0103 vineri, orele 10.00 -16.00 cu achitarea taxei de 200 de lei f\u0103r\u0103 TVA (are caracter facultativ).<\/p>\n<p>Obs. <em>Garan\u021bia de participare este de 10<\/em><em>%<\/em><em> din pre\u021bul de pornire, se achit\u0103 prin virament bancar \u00een contul RO95BREL0002004730110100 \u2013 deschis la Libra Internet Bank Piatra Neam\u021b, cu specifica\u021bia \u201dGaran\u021bie \u00een vederea particip\u0103rii la licita\u021bia public\u0103 LOCATIVSERV SRL\u201d. Caietul de sarcini poate fi achizi\u021bionat de la sediul lichidatorului prin plata \u00een numerar precum \u0219i\/sau prin virament bancar \u00een contul precizat anterior, cu specifica\u021biile \u201dCaiet sarcini licita\u021bie public\u0103 LOCATIVSERV SRL\u201d.<\/em><\/p>\n<p>Taxele de publicare, transcriere, transfer de proprietate, transport, manipulare aferent bunurilor achizi\u021bionate sunt \u00een sarcina adjudecatarului cump\u0103r\u0103tor.<\/p>\n<p>Rela\u0163ii suplimentare se pot ob\u021bine de la lichidatorul la tel. 0733\/501358, e-mail: office@alpinsolv.ro sau la sediul acestuia.<\/p>\n","protected":false},"excerpt":{"rendered":"<p>Se face cunoscut c\u0103 \u00een ziua de 02 Aprilie 2025, ora 14:00, \u00een mun. Piatra Neam\u021b, str. Plevnei,\u00a0 nr. 3, bl. G10, sc. C, et. P, ap. 41, jud. Neam\u0163, se va vinde prin licita\u021bie public\u0103 cu strigare, activele de\u021binute de societatea debitoare LOCATIVSERV SRL &#8211; \u00een lichidare, (RO24607639; J27\/1550\/2008), a unor bunuri de natura [&hellip;]<\/p>\n","protected":false},"featured_media":4208,"comment_status":"open","ping_status":"closed","template":"","meta":{"content-type":""},"product_cat":[44],"product_tag":[96,91],"yoast_head":"<!-- This site is optimized with the Yoast SEO plugin v19.12 - https:\/\/yoast.com\/wordpress\/plugins\/seo\/ -->\n<title>LOCATIVSERV SRL - Licita\u021bie public\u0103 - ALPINSOLV SPRL<\/title>\n<meta name=\"robots\" content=\"index, follow, max-snippet:-1, max-image-preview:large, max-video-preview:-1\" \/>\n<link rel=\"canonical\" href=\"https:\/\/www.alpinsolv.ro\/lichidaristocuri\/product\/locativserv-srl-licitatie-publica\/\" \/>\n<meta property=\"og:locale\" content=\"ro_RO\" \/>\n<meta property=\"og:type\" content=\"article\" \/>\n<meta property=\"og:title\" content=\"LOCATIVSERV SRL - Licita\u021bie public\u0103 - ALPINSOLV SPRL\" \/>\n<meta property=\"og:description\" content=\"Se face cunoscut c\u0103 \u00een ziua de 02 Aprilie 2025, ora 14:00, \u00een mun. Piatra Neam\u021b, str. Plevnei,\u00a0 nr. 3, bl. G10, sc. C, et. P, ap. 41, jud. Neam\u0163, se va vinde prin licita\u021bie public\u0103 cu strigare, activele de\u021binute de societatea debitoare LOCATIVSERV SRL &#8211; \u00een lichidare, (RO24607639; J27\/1550\/2008), a unor bunuri de natura [&hellip;]\" \/>\n<meta property=\"og:url\" content=\"https:\/\/www.alpinsolv.ro\/lichidaristocuri\/product\/locativserv-srl-licitatie-publica\/\" \/>\n<meta property=\"og:site_name\" content=\"ALPINSOLV SPRL\" \/>\n<meta property=\"article:publisher\" content=\"https:\/\/www.facebook.com\/alpinsolv\/\" \/>\n<meta property=\"article:modified_time\" content=\"2026-03-19T18:04:42+00:00\" \/>\n<meta property=\"og:image\" content=\"https:\/\/www.alpinsolv.ro\/lichidaristocuri\/canny_up\/2026\/02\/IMG_1168-scaled.jpg\" \/>\n\t<meta property=\"og:image:width\" content=\"2560\" \/>\n\t<meta property=\"og:image:height\" content=\"1920\" \/>\n\t<meta property=\"og:image:type\" content=\"image\/jpeg\" \/>\n<meta name=\"twitter:card\" content=\"summary_large_image\" \/>\n<meta name=\"twitter:label1\" content=\"Timp estimat pentru citire\" \/>\n\t<meta name=\"twitter:data1\" content=\"4 minute\" \/>\n<script type=\"application\/ld+json\" class=\"yoast-schema-graph\">{\"@context\":\"https:\/\/schema.org\",\"@graph\":[{\"@type\":\"WebPage\",\"@id\":\"https:\/\/www.alpinsolv.ro\/lichidaristocuri\/product\/locativserv-srl-licitatie-publica\/\",\"url\":\"https:\/\/www.alpinsolv.ro\/lichidaristocuri\/product\/locativserv-srl-licitatie-publica\/\",\"name\":\"LOCATIVSERV SRL - Licita\u021bie public\u0103 - ALPINSOLV SPRL\",\"isPartOf\":{\"@id\":\"https:\/\/www.alpinsolv.ro\/lichidaristocuri\/#website\"},\"datePublished\":\"2026-02-28T12:41:03+00:00\",\"dateModified\":\"2026-03-19T18:04:42+00:00\",\"breadcrumb\":{\"@id\":\"https:\/\/www.alpinsolv.ro\/lichidaristocuri\/product\/locativserv-srl-licitatie-publica\/#breadcrumb\"},\"inLanguage\":\"ro-RO\",\"potentialAction\":[{\"@type\":\"ReadAction\",\"target\":[\"https:\/\/www.alpinsolv.ro\/lichidaristocuri\/product\/locativserv-srl-licitatie-publica\/\"]}]},{\"@type\":\"BreadcrumbList\",\"@id\":\"https:\/\/www.alpinsolv.ro\/lichidaristocuri\/product\/locativserv-srl-licitatie-publica\/#breadcrumb\",\"itemListElement\":[{\"@type\":\"ListItem\",\"position\":1,\"name\":\"Prima pagin\u0103\",\"item\":\"https:\/\/www.alpinsolv.ro\/lichidaristocuri\/\"},{\"@type\":\"ListItem\",\"position\":2,\"name\":\"Magazin\",\"item\":\"https:\/\/www.alpinsolv.ro\/lichidaristocuri\/magazin\/\"},{\"@type\":\"ListItem\",\"position\":3,\"name\":\"LOCATIVSERV SRL &#8211; Licita\u021bie public\u0103\"}]},{\"@type\":\"WebSite\",\"@id\":\"https:\/\/www.alpinsolv.ro\/lichidaristocuri\/#website\",\"url\":\"https:\/\/www.alpinsolv.ro\/lichidaristocuri\/\",\"name\":\"ALPINSOLV SPRL\",\"description\":\"Magazin virtual\",\"publisher\":{\"@id\":\"https:\/\/www.alpinsolv.ro\/lichidaristocuri\/#organization\"},\"potentialAction\":[{\"@type\":\"SearchAction\",\"target\":{\"@type\":\"EntryPoint\",\"urlTemplate\":\"https:\/\/www.alpinsolv.ro\/lichidaristocuri\/?s={search_term_string}\"},\"query-input\":\"required name=search_term_string\"}],\"inLanguage\":\"ro-RO\"},{\"@type\":\"Organization\",\"@id\":\"https:\/\/www.alpinsolv.ro\/lichidaristocuri\/#organization\",\"name\":\"Magazin Online - Alpinsolv SPRL\",\"url\":\"https:\/\/www.alpinsolv.ro\/lichidaristocuri\/\",\"logo\":{\"@type\":\"ImageObject\",\"inLanguage\":\"ro-RO\",\"@id\":\"https:\/\/www.alpinsolv.ro\/lichidaristocuri\/#\/schema\/logo\/image\/\",\"url\":\"https:\/\/www.alpinsolv.ro\/lichidaristocuri\/canny_up\/2019\/11\/logoalpinsolv.png\",\"contentUrl\":\"https:\/\/www.alpinsolv.ro\/lichidaristocuri\/canny_up\/2019\/11\/logoalpinsolv.png\",\"width\":200,\"height\":31,\"caption\":\"Magazin Online - Alpinsolv SPRL\"},\"image\":{\"@id\":\"https:\/\/www.alpinsolv.ro\/lichidaristocuri\/#\/schema\/logo\/image\/\"},\"sameAs\":[\"https:\/\/www.facebook.com\/alpinsolv\/\"]}]}<\/script>\n<!-- \/ Yoast SEO plugin. -->","yoast_head_json":{"title":"LOCATIVSERV SRL - Licita\u021bie public\u0103 - ALPINSOLV SPRL","robots":{"index":"index","follow":"follow","max-snippet":"max-snippet:-1","max-image-preview":"max-image-preview:large","max-video-preview":"max-video-preview:-1"},"canonical":"https:\/\/www.alpinsolv.ro\/lichidaristocuri\/product\/locativserv-srl-licitatie-publica\/","og_locale":"ro_RO","og_type":"article","og_title":"LOCATIVSERV SRL - Licita\u021bie public\u0103 - ALPINSOLV SPRL","og_description":"Se face cunoscut c\u0103 \u00een ziua de 02 Aprilie 2025, ora 14:00, \u00een mun. Piatra Neam\u021b, str. Plevnei,\u00a0 nr. 3, bl. G10, sc. C, et. P, ap. 41, jud. Neam\u0163, se va vinde prin licita\u021bie public\u0103 cu strigare, activele de\u021binute de societatea debitoare LOCATIVSERV SRL &#8211; \u00een lichidare, (RO24607639; J27\/1550\/2008), a unor bunuri de natura [&hellip;]","og_url":"https:\/\/www.alpinsolv.ro\/lichidaristocuri\/product\/locativserv-srl-licitatie-publica\/","og_site_name":"ALPINSOLV SPRL","article_publisher":"https:\/\/www.facebook.com\/alpinsolv\/","article_modified_time":"2026-03-19T18:04:42+00:00","og_image":[{"width":2560,"height":1920,"url":"https:\/\/www.alpinsolv.ro\/lichidaristocuri\/canny_up\/2026\/02\/IMG_1168-scaled.jpg","type":"image\/jpeg"}],"twitter_card":"summary_large_image","twitter_misc":{"Timp estimat pentru citire":"4 minute"},"schema":{"@context":"https:\/\/schema.org","@graph":[{"@type":"WebPage","@id":"https:\/\/www.alpinsolv.ro\/lichidaristocuri\/product\/locativserv-srl-licitatie-publica\/","url":"https:\/\/www.alpinsolv.ro\/lichidaristocuri\/product\/locativserv-srl-licitatie-publica\/","name":"LOCATIVSERV SRL - Licita\u021bie public\u0103 - ALPINSOLV SPRL","isPartOf":{"@id":"https:\/\/www.alpinsolv.ro\/lichidaristocuri\/#website"},"datePublished":"2026-02-28T12:41:03+00:00","dateModified":"2026-03-19T18:04:42+00:00","breadcrumb":{"@id":"https:\/\/www.alpinsolv.ro\/lichidaristocuri\/product\/locativserv-srl-licitatie-publica\/#breadcrumb"},"inLanguage":"ro-RO","potentialAction":[{"@type":"ReadAction","target":["https:\/\/www.alpinsolv.ro\/lichidaristocuri\/product\/locativserv-srl-licitatie-publica\/"]}]},{"@type":"BreadcrumbList","@id":"https:\/\/www.alpinsolv.ro\/lichidaristocuri\/product\/locativserv-srl-licitatie-publica\/#breadcrumb","itemListElement":[{"@type":"ListItem","position":1,"name":"Prima pagin\u0103","item":"https:\/\/www.alpinsolv.ro\/lichidaristocuri\/"},{"@type":"ListItem","position":2,"name":"Magazin","item":"https:\/\/www.alpinsolv.ro\/lichidaristocuri\/magazin\/"},{"@type":"ListItem","position":3,"name":"LOCATIVSERV SRL &#8211; Licita\u021bie public\u0103"}]},{"@type":"WebSite","@id":"https:\/\/www.alpinsolv.ro\/lichidaristocuri\/#website","url":"https:\/\/www.alpinsolv.ro\/lichidaristocuri\/","name":"ALPINSOLV SPRL","description":"Magazin virtual","publisher":{"@id":"https:\/\/www.alpinsolv.ro\/lichidaristocuri\/#organization"},"potentialAction":[{"@type":"SearchAction","target":{"@type":"EntryPoint","urlTemplate":"https:\/\/www.alpinsolv.ro\/lichidaristocuri\/?s={search_term_string}"},"query-input":"required name=search_term_string"}],"inLanguage":"ro-RO"},{"@type":"Organization","@id":"https:\/\/www.alpinsolv.ro\/lichidaristocuri\/#organization","name":"Magazin Online - Alpinsolv SPRL","url":"https:\/\/www.alpinsolv.ro\/lichidaristocuri\/","logo":{"@type":"ImageObject","inLanguage":"ro-RO","@id":"https:\/\/www.alpinsolv.ro\/lichidaristocuri\/#\/schema\/logo\/image\/","url":"https:\/\/www.alpinsolv.ro\/lichidaristocuri\/canny_up\/2019\/11\/logoalpinsolv.png","contentUrl":"https:\/\/www.alpinsolv.ro\/lichidaristocuri\/canny_up\/2019\/11\/logoalpinsolv.png","width":200,"height":31,"caption":"Magazin Online - Alpinsolv SPRL"},"image":{"@id":"https:\/\/www.alpinsolv.ro\/lichidaristocuri\/#\/schema\/logo\/image\/"},"sameAs":["https:\/\/www.facebook.com\/alpinsolv\/"]}]}},"_links":{"self":[{"href":"https:\/\/www.alpinsolv.ro\/lichidaristocuri\/wp-json\/wp\/v2\/product\/4118"}],"collection":[{"href":"https:\/\/www.alpinsolv.ro\/lichidaristocuri\/wp-json\/wp\/v2\/product"}],"about":[{"href":"https:\/\/www.alpinsolv.ro\/lichidaristocuri\/wp-json\/wp\/v2\/types\/product"}],"replies":[{"embeddable":true,"href":"https:\/\/www.alpinsolv.ro\/lichidaristocuri\/wp-json\/wp\/v2\/comments?post=4118"}],"version-history":[{"count":6,"href":"https:\/\/www.alpinsolv.ro\/lichidaristocuri\/wp-json\/wp\/v2\/product\/4118\/revisions"}],"predecessor-version":[{"id":4202,"href":"https:\/\/www.alpinsolv.ro\/lichidaristocuri\/wp-json\/wp\/v2\/product\/4118\/revisions\/4202"}],"wp:featuredmedia":[{"embeddable":true,"href":"https:\/\/www.alpinsolv.ro\/lichidaristocuri\/wp-json\/wp\/v2\/media\/4208"}],"wp:attachment":[{"href":"https:\/\/www.alpinsolv.ro\/lichidaristocuri\/wp-json\/wp\/v2\/media?parent=4118"}],"wp:term":[{"taxonomy":"product_cat","embeddable":true,"href":"https:\/\/www.alpinsolv.ro\/lichidaristocuri\/wp-json\/wp\/v2\/product_cat?post=4118"},{"taxonomy":"product_tag","embeddable":true,"href":"https:\/\/www.alpinsolv.ro\/lichidaristocuri\/wp-json\/wp\/v2\/product_tag?post=4118"}],"curies":[{"name":"wp","href":"https:\/\/api.w.org\/{rel}","templated":true}]}}