{"id":4115,"date":"2025-05-05T14:28:20","date_gmt":"2025-05-05T11:28:20","guid":{"rendered":"https:\/\/www.alpinsolv.ro\/lichidaristocuri\/?post_type=product&#038;p=4115"},"modified":"2025-05-05T15:22:17","modified_gmt":"2025-05-05T12:22:17","slug":"megacart-expert-srl-licitatie-publica","status":"publish","type":"product","link":"https:\/\/www.alpinsolv.ro\/lichidaristocuri\/product\/megacart-expert-srl-licitatie-publica\/","title":{"rendered":"MEGACART EXPERT SRL &#8211; Licita\u021bie public\u0103"},"content":{"rendered":"<p><span style=\"color: #000000\">\u00cen temeiul art. 154 alin.(2) din Legea nr. 85\/2014, se face cunoscut c\u0103 \u00een ziua de<strong> 08 Mai 2025, ora 13:00,<\/strong> \u00een mun. Piatra Neam\u021b, str. Plevnei,\u00a0 nr. 3, bl. G10, sc. C, et. P, ap. 41, jud. Neam\u0163, se va vinde prin licita\u021bie public\u0103 cu strigare, activele de\u021binute de societatea debitoare MEGACART EXPERT SRL, <span class=\"NormalTextRun SCXW37151468 BCX8\">CUI <\/span><span class=\"NormalTextRun SCXW37151468 BCX8\">38297<\/span><span class=\"NormalTextRun SCXW37151468 BCX8\">422<\/span><span class=\"NormalTextRun SCXW37151468 BCX8\">, <\/span><span class=\"NormalTextRun SCXW37151468 BCX8\">J27\/1<\/span><span class=\"NormalTextRun SCXW37151468 BCX8\">063<\/span><span class=\"NormalTextRun SCXW37151468 BCX8\">\/20<\/span><span class=\"NormalTextRun SCXW37151468 BCX8\">17<\/span>, \u00een cadrul dosarului nr. <span class=\"NormalTextRun SCXW37151468 BCX8\">265<\/span><span class=\"NormalTextRun SCXW37151468 BCX8\">\/103\/202<\/span><span class=\"NormalTextRun SCXW37151468 BCX8\">4<\/span>, Tribunalul Neam\u021b, la un pre\u021b de pornire de <strong>50 %<\/strong> din valoarea de pia\u021b\u0103 estimat\u0103 prin evaluare. Se percepe TVA.<\/span><\/p>\n<p><span class=\"NormalTextRun SCXW37151468 BCX8\">1<\/span><span class=\"NormalTextRun SCXW37151468 BCX8\">.\u00a0 <\/span><span class=\"NormalTextRun SCXW37151468 BCX8\">Imobilizare corporal\u0103 \u00een curs<\/span><span class=\"NormalTextRun SCXW37151468 BCX8\"> (construc\u021bie netabular\u0103)<\/span> <span class=\"NormalTextRun SCXW37151468 BCX8\">&#8211; <\/span><span class=\"NormalTextRun SCXW37151468 BCX8\">299.706<\/span><span class=\"NormalTextRun SCXW37151468 BCX8\"> lei; <\/span><\/p>\n<p><span class=\"NormalTextRun SCXW37151468 BCX8\">2<\/span><span class=\"NormalTextRun SCXW37151468 BCX8\">. <\/span><span class=\"NormalTextRun SCXW37151468 BCX8\">Echipamente tehnologice<\/span><span class=\"NormalTextRun SCXW37151468 BCX8\"> &#8211; <\/span><span class=\"NormalTextRun SCXW37151468 BCX8\">299.588<\/span><span class=\"NormalTextRun SCXW37151468 BCX8\"> lei; <\/span><\/p>\n<p><span class=\"NormalTextRun SCXW37151468 BCX8\">3<\/span><span class=\"NormalTextRun SCXW37151468 BCX8\">. <\/span><span class=\"NormalTextRun SCXW37151468 BCX8\">Mobilier de birou <\/span><span class=\"NormalTextRun SCXW37151468 BCX8\">\u2013<\/span> <span class=\"NormalTextRun SCXW37151468 BCX8\">3.765 lei; <\/span><\/p>\n<p><span class=\"NormalTextRun SCXW37151468 BCX8\">4<\/span><span class=\"NormalTextRun SCXW37151468 BCX8\">. <\/span><span class=\"NormalTextRun SCXW37151468 BCX8\">Materie prim\u0103 (carton) &#8211; <\/span><span class=\"NormalTextRun SCXW37151468 BCX8\">30.58<\/span><span class=\"NormalTextRun SCXW37151468 BCX8\">9 lei; <\/span><\/p>\n<p><span class=\"NormalTextRun SCXW37151468 BCX8\">5<\/span><span class=\"NormalTextRun SCXW37151468 BCX8\">. <\/span><span class=\"NormalTextRun SCXW37151468 BCX8\">Produse finite<\/span><span class=\"NormalTextRun SCXW37151468 BCX8\"> (ambalaje<\/span><span class=\"NormalTextRun SCXW37151468 BCX8\"> carton<\/span><span class=\"NormalTextRun SCXW37151468 BCX8\">) &#8211;\u00a0<\/span> <span class=\"NormalTextRun SCXW37151468 BCX8\">95.79<\/span><span class=\"NormalTextRun SCXW37151468 BCX8\">8 lei. <\/span><\/p>\n<p><span class=\"NormalTextRun SCXW37151468 BCX8\">6<\/span><span class=\"NormalTextRun SCXW37151468 BCX8\">. M\u0103rfuri d<\/span><span class=\"NormalTextRun SCXW37151468 BCX8\">eservire<\/span> <span class=\"NormalTextRun SCXW37151468 BCX8\">(pahare, farfurii, pahare, etc) &#8211; <\/span><span class=\"NormalTextRun SCXW37151468 BCX8\">161.59<\/span><span class=\"NormalTextRun SCXW37151468 BCX8\">7 lei.<\/span><\/p>\n<p><span style=\"color: #000000\">Licita\u021bia se va desf\u0103\u0219ura \u00een conformitate cu Regulamentul de v\u00e2nzare \u015fi prevederile Legii 85\/2014. Ofertan\u021bii vor depune cel mai t\u00e2rziu \u00een ziua licita\u021biei, ora <\/span><strong style=\"color: #000000\">11.00<\/strong><span style=\"color: #000000\">, documentele necesare, astfel:<\/span><\/p>\n<p><span style=\"color: #000000\">Pentru <strong><em>persoanele juridice \u0219i persoanele fizice autorizate <\/em><\/strong>:<\/span><\/p>\n<ul>\n<li><span style=\"color: #000000\">dovada achit\u0103rii garan\u021biei de participare la licita\u021bie (copie certificat\u0103);<\/span><\/li>\n<li><span style=\"color: #000000\">dovada achizi\u021bion\u0103rii caietului de sarcini (copie certificat\u0103);<\/span><\/li>\n<li><span style=\"color: #000000\">actul care atest\u0103 \u00eemputernicirea acordat\u0103 persoanei care reprezint\u0103 poten\u021bialul cump\u0103r\u0103tor \u00een vederea particip\u0103rii la Licita\u021bie (original);<\/span><\/li>\n<li><span style=\"color: #000000\">certificatul de \u00eenregistrare la Oficiul Registrului Comer\u021bului (copie certificat\u0103);<\/span><\/li>\n<li><span style=\"color: #000000\">certificat de \u00eenregistrare ca pl\u0103titor de TVA (copie certificat\u0103);<\/span><\/li>\n<li><span style=\"color: #000000\">pentru entit\u0103\u021bile aflate \u00een procedura insolven\u021bei se va prezenta acordul de participare scris al administratorului\/lichidatorului judiciar (original);<\/span><\/li>\n<li><span style=\"color: #000000\">oferta de participare la licita\u021bie, cu suma oferit\u0103 pentru activul licitat (original), care nu poate fi mai mic\u0103 dec\u00e2t pre\u021bul de \u00eencepere;<\/span><\/li>\n<\/ul>\n<p><span style=\"color: #000000\">Pentru <strong><em>persoanele fizice <\/em><\/strong>:<\/span><\/p>\n<ul>\n<li><span style=\"color: #000000\">dovada achit\u0103rii garan\u021biei de participare la licita\u021bie (copie certificat\u0103);<\/span><\/li>\n<li><span style=\"color: #000000\">dovada achizi\u021bion\u0103rii caietului de sarcini (copie certificat\u0103);<\/span><\/li>\n<li><span style=\"color: #000000\">actul care atest\u0103 \u00eemputernicirea acordat\u0103 persoanei care reprezint\u0103 poten\u021bialul cump\u0103r\u0103tor \u00een vederea particip\u0103rii la Licita\u021bie (original);<\/span><\/li>\n<li><span style=\"color: #000000\">actul de identitate, B.I\/C.I.\/pa\u0219aport (copie certificat\u0103);<\/span><\/li>\n<li><span style=\"color: #000000\">oferta de participare la licita\u021bie, cu suma oferit\u0103 pentru activul licitat (original), care nu poate fi mai mic\u0103 dec\u00e2t valoarea de plecare;<\/span><\/li>\n<\/ul>\n<p><span style=\"color: #000000\">Toate documentele men\u021bionate se depun \u00eempreun\u0103 \u00eentr-un plic, sigilat \u015fi \u00eenchis, la registratura lichidatorului judiciar. Pe plic vor fi \u00eenscrise urm\u0103toarele informa\u0163ii:<\/span><\/p>\n<ul>\n<li><span style=\"color: #000000\">numele \u015fi prenumele sau denumirea ofertantului, domiciliul, respectiv sediul acestuia, numerele de telefon \u015fi de fax;<\/span><\/li>\n<li><span style=\"color: #000000\">numele \u015fi prenumele, precum \u015fi calitatea reprezentantului care particip\u0103 la licita\u0163ie.<\/span><\/li>\n<\/ul>\n<p><span style=\"color: #000000\">Garan\u0163ia de participare se restituie integral tuturor participan\u0163ilor, cu excep\u0163ia ofertantului declarat c\u00e2\u015ftig\u0103tor al licita\u0163iei, pentru care garan\u0163ia se re\u0163ine \u00een contul pre\u0163ului; ofertantului care nu depune p\u00e2n\u0103 la termenul limit\u0103 plicul cu documentele cerute, chiar dac\u0103 se prezint\u0103 la ora organiz\u0103rii licita\u0163iei publice; c\u00e2\u015ftig\u0103torului\u00a0 licita\u0163iei\u00a0 publice cu\u00a0 strigare,\u00a0 care refuz\u0103\u00a0 s\u0103 semneze contractul de v\u00e2nzare-cump\u0103rare \u00een condi\u0163iile prev\u0103zute \u00een caietul de sarcini.<\/span><\/p>\n<p><span style=\"color: #000000\">Documentele depuse dup\u0103 termen nu sunt luate \u00een considerare. Date suplimentare privind descrierea bunurilor scoase la v\u00e2nzare \u015fi condi\u0163iile de desf\u0103\u015furare a licita\u0163iei sunt cuprinse \u00een Caietul de sarcini, ce poate fi ob\u0163inut de la sediul lichidatorului judiciar de luni p\u00e2n\u0103 vineri, orele 10.00 -16.00 cu achitarea taxei de participare de 300 de lei f\u0103r\u0103 TVA. Se percepe TVA.<\/span><\/p>\n<p><span style=\"color: #000000\">Obs. <em>Garan\u021bia de participare este de 10<\/em><em>%<\/em><em> din pre\u021bul de pornire, se achit\u0103 prin virament bancar \u00een contul RO16BREL0002003107910100 \u2013 deschis la Libra Internet Bank Piatra Neam\u021b, cu specifica\u021bia \u201dGaran\u021bie \u00een vederea particip\u0103rii la licita\u021bia public\u0103 MEGACART EXPERT SRL\u201d. Caietul de sarcini poate fi achizi\u021bionat de la sediul lichidatorului judiciar prin plata \u00een numerar precum \u0219i prin virament bancar \u00een contul RO16BREL0002003107910100 deschis la Libra Internet Bank Piatra Neam\u021b, cu specifica\u021biile \u201dCaiet sarcini licita\u021bie public\u0103 MEGACART EXPERT SRL\u201d.<\/em><\/span><\/p>\n<p><span style=\"color: #000000\">Taxele de publicare, transcriere, transfer de proprietate, transport, manipulare aferent bunurilor achizi\u021bionate sunt \u00een sarcina adjudecatarului cump\u0103r\u0103tor.<\/span><\/p>\n<p><span style=\"color: #000000\">Rela\u0163ii suplimentare se pot ob\u021bine de la lichidatorul judiciar la tel. 0733\/501358, e-mail: office@alpinsolv.ro sau la sediul acestuia<\/span><\/p>\n","protected":false},"excerpt":{"rendered":"<p>\u00cen temeiul art. 154 alin.(2) din Legea nr. 85\/2014, se face cunoscut c\u0103 \u00een ziua de 08 Mai 2025, ora 13:00, \u00een mun. Piatra Neam\u021b, str. Plevnei,\u00a0 nr. 3, bl. G10, sc. C, et. P, ap. 41, jud. Neam\u0163, se va vinde prin licita\u021bie public\u0103 cu strigare, activele de\u021binute de societatea debitoare MEGACART EXPERT SRL, [&hellip;]<\/p>\n","protected":false},"featured_media":0,"comment_status":"open","ping_status":"closed","template":"","meta":{"content-type":""},"product_cat":[44],"product_tag":[96,91,99],"yoast_head":"<!-- This site is optimized with the Yoast SEO plugin v19.12 - https:\/\/yoast.com\/wordpress\/plugins\/seo\/ -->\n<title>MEGACART EXPERT SRL - Licita\u021bie public\u0103 - ALPINSOLV SPRL<\/title>\n<meta name=\"robots\" content=\"index, follow, max-snippet:-1, max-image-preview:large, max-video-preview:-1\" \/>\n<link rel=\"canonical\" href=\"https:\/\/www.alpinsolv.ro\/lichidaristocuri\/product\/megacart-expert-srl-licitatie-publica\/\" \/>\n<meta property=\"og:locale\" content=\"ro_RO\" \/>\n<meta property=\"og:type\" content=\"article\" \/>\n<meta property=\"og:title\" content=\"MEGACART EXPERT SRL - Licita\u021bie public\u0103 - ALPINSOLV SPRL\" \/>\n<meta property=\"og:description\" content=\"\u00cen temeiul art. 154 alin.(2) din Legea nr. 85\/2014, se face cunoscut c\u0103 \u00een ziua de 08 Mai 2025, ora 13:00, \u00een mun. Piatra Neam\u021b, str. Plevnei,\u00a0 nr. 3, bl. G10, sc. C, et. P, ap. 41, jud. Neam\u0163, se va vinde prin licita\u021bie public\u0103 cu strigare, activele de\u021binute de societatea debitoare MEGACART EXPERT SRL, [&hellip;]\" \/>\n<meta property=\"og:url\" content=\"https:\/\/www.alpinsolv.ro\/lichidaristocuri\/product\/megacart-expert-srl-licitatie-publica\/\" \/>\n<meta property=\"og:site_name\" content=\"ALPINSOLV SPRL\" \/>\n<meta property=\"article:publisher\" content=\"https:\/\/www.facebook.com\/alpinsolv\/\" \/>\n<meta property=\"article:modified_time\" content=\"2025-05-05T12:22:17+00:00\" \/>\n<meta name=\"twitter:card\" content=\"summary_large_image\" \/>\n<meta name=\"twitter:label1\" content=\"Timp estimat pentru citire\" \/>\n\t<meta name=\"twitter:data1\" content=\"4 minute\" \/>\n<script type=\"application\/ld+json\" class=\"yoast-schema-graph\">{\"@context\":\"https:\/\/schema.org\",\"@graph\":[{\"@type\":\"WebPage\",\"@id\":\"https:\/\/www.alpinsolv.ro\/lichidaristocuri\/product\/megacart-expert-srl-licitatie-publica\/\",\"url\":\"https:\/\/www.alpinsolv.ro\/lichidaristocuri\/product\/megacart-expert-srl-licitatie-publica\/\",\"name\":\"MEGACART EXPERT SRL - Licita\u021bie public\u0103 - ALPINSOLV SPRL\",\"isPartOf\":{\"@id\":\"https:\/\/www.alpinsolv.ro\/lichidaristocuri\/#website\"},\"datePublished\":\"2025-05-05T11:28:20+00:00\",\"dateModified\":\"2025-05-05T12:22:17+00:00\",\"breadcrumb\":{\"@id\":\"https:\/\/www.alpinsolv.ro\/lichidaristocuri\/product\/megacart-expert-srl-licitatie-publica\/#breadcrumb\"},\"inLanguage\":\"ro-RO\",\"potentialAction\":[{\"@type\":\"ReadAction\",\"target\":[\"https:\/\/www.alpinsolv.ro\/lichidaristocuri\/product\/megacart-expert-srl-licitatie-publica\/\"]}]},{\"@type\":\"BreadcrumbList\",\"@id\":\"https:\/\/www.alpinsolv.ro\/lichidaristocuri\/product\/megacart-expert-srl-licitatie-publica\/#breadcrumb\",\"itemListElement\":[{\"@type\":\"ListItem\",\"position\":1,\"name\":\"Prima pagin\u0103\",\"item\":\"https:\/\/www.alpinsolv.ro\/lichidaristocuri\/\"},{\"@type\":\"ListItem\",\"position\":2,\"name\":\"Magazin\",\"item\":\"https:\/\/www.alpinsolv.ro\/lichidaristocuri\/magazin\/\"},{\"@type\":\"ListItem\",\"position\":3,\"name\":\"MEGACART EXPERT SRL &#8211; Licita\u021bie public\u0103\"}]},{\"@type\":\"WebSite\",\"@id\":\"https:\/\/www.alpinsolv.ro\/lichidaristocuri\/#website\",\"url\":\"https:\/\/www.alpinsolv.ro\/lichidaristocuri\/\",\"name\":\"ALPINSOLV SPRL\",\"description\":\"Magazin virtual\",\"publisher\":{\"@id\":\"https:\/\/www.alpinsolv.ro\/lichidaristocuri\/#organization\"},\"potentialAction\":[{\"@type\":\"SearchAction\",\"target\":{\"@type\":\"EntryPoint\",\"urlTemplate\":\"https:\/\/www.alpinsolv.ro\/lichidaristocuri\/?s={search_term_string}\"},\"query-input\":\"required name=search_term_string\"}],\"inLanguage\":\"ro-RO\"},{\"@type\":\"Organization\",\"@id\":\"https:\/\/www.alpinsolv.ro\/lichidaristocuri\/#organization\",\"name\":\"Magazin Online - Alpinsolv SPRL\",\"url\":\"https:\/\/www.alpinsolv.ro\/lichidaristocuri\/\",\"logo\":{\"@type\":\"ImageObject\",\"inLanguage\":\"ro-RO\",\"@id\":\"https:\/\/www.alpinsolv.ro\/lichidaristocuri\/#\/schema\/logo\/image\/\",\"url\":\"https:\/\/www.alpinsolv.ro\/lichidaristocuri\/canny_up\/2019\/11\/logoalpinsolv.png\",\"contentUrl\":\"https:\/\/www.alpinsolv.ro\/lichidaristocuri\/canny_up\/2019\/11\/logoalpinsolv.png\",\"width\":200,\"height\":31,\"caption\":\"Magazin Online - Alpinsolv SPRL\"},\"image\":{\"@id\":\"https:\/\/www.alpinsolv.ro\/lichidaristocuri\/#\/schema\/logo\/image\/\"},\"sameAs\":[\"https:\/\/www.facebook.com\/alpinsolv\/\"]}]}<\/script>\n<!-- \/ Yoast SEO plugin. -->","yoast_head_json":{"title":"MEGACART EXPERT SRL - Licita\u021bie public\u0103 - ALPINSOLV SPRL","robots":{"index":"index","follow":"follow","max-snippet":"max-snippet:-1","max-image-preview":"max-image-preview:large","max-video-preview":"max-video-preview:-1"},"canonical":"https:\/\/www.alpinsolv.ro\/lichidaristocuri\/product\/megacart-expert-srl-licitatie-publica\/","og_locale":"ro_RO","og_type":"article","og_title":"MEGACART EXPERT SRL - Licita\u021bie public\u0103 - ALPINSOLV SPRL","og_description":"\u00cen temeiul art. 154 alin.(2) din Legea nr. 85\/2014, se face cunoscut c\u0103 \u00een ziua de 08 Mai 2025, ora 13:00, \u00een mun. Piatra Neam\u021b, str. Plevnei,\u00a0 nr. 3, bl. G10, sc. C, et. P, ap. 41, jud. Neam\u0163, se va vinde prin licita\u021bie public\u0103 cu strigare, activele de\u021binute de societatea debitoare MEGACART EXPERT SRL, [&hellip;]","og_url":"https:\/\/www.alpinsolv.ro\/lichidaristocuri\/product\/megacart-expert-srl-licitatie-publica\/","og_site_name":"ALPINSOLV SPRL","article_publisher":"https:\/\/www.facebook.com\/alpinsolv\/","article_modified_time":"2025-05-05T12:22:17+00:00","twitter_card":"summary_large_image","twitter_misc":{"Timp estimat pentru citire":"4 minute"},"schema":{"@context":"https:\/\/schema.org","@graph":[{"@type":"WebPage","@id":"https:\/\/www.alpinsolv.ro\/lichidaristocuri\/product\/megacart-expert-srl-licitatie-publica\/","url":"https:\/\/www.alpinsolv.ro\/lichidaristocuri\/product\/megacart-expert-srl-licitatie-publica\/","name":"MEGACART EXPERT SRL - Licita\u021bie public\u0103 - ALPINSOLV SPRL","isPartOf":{"@id":"https:\/\/www.alpinsolv.ro\/lichidaristocuri\/#website"},"datePublished":"2025-05-05T11:28:20+00:00","dateModified":"2025-05-05T12:22:17+00:00","breadcrumb":{"@id":"https:\/\/www.alpinsolv.ro\/lichidaristocuri\/product\/megacart-expert-srl-licitatie-publica\/#breadcrumb"},"inLanguage":"ro-RO","potentialAction":[{"@type":"ReadAction","target":["https:\/\/www.alpinsolv.ro\/lichidaristocuri\/product\/megacart-expert-srl-licitatie-publica\/"]}]},{"@type":"BreadcrumbList","@id":"https:\/\/www.alpinsolv.ro\/lichidaristocuri\/product\/megacart-expert-srl-licitatie-publica\/#breadcrumb","itemListElement":[{"@type":"ListItem","position":1,"name":"Prima pagin\u0103","item":"https:\/\/www.alpinsolv.ro\/lichidaristocuri\/"},{"@type":"ListItem","position":2,"name":"Magazin","item":"https:\/\/www.alpinsolv.ro\/lichidaristocuri\/magazin\/"},{"@type":"ListItem","position":3,"name":"MEGACART EXPERT SRL &#8211; Licita\u021bie public\u0103"}]},{"@type":"WebSite","@id":"https:\/\/www.alpinsolv.ro\/lichidaristocuri\/#website","url":"https:\/\/www.alpinsolv.ro\/lichidaristocuri\/","name":"ALPINSOLV SPRL","description":"Magazin virtual","publisher":{"@id":"https:\/\/www.alpinsolv.ro\/lichidaristocuri\/#organization"},"potentialAction":[{"@type":"SearchAction","target":{"@type":"EntryPoint","urlTemplate":"https:\/\/www.alpinsolv.ro\/lichidaristocuri\/?s={search_term_string}"},"query-input":"required name=search_term_string"}],"inLanguage":"ro-RO"},{"@type":"Organization","@id":"https:\/\/www.alpinsolv.ro\/lichidaristocuri\/#organization","name":"Magazin Online - Alpinsolv SPRL","url":"https:\/\/www.alpinsolv.ro\/lichidaristocuri\/","logo":{"@type":"ImageObject","inLanguage":"ro-RO","@id":"https:\/\/www.alpinsolv.ro\/lichidaristocuri\/#\/schema\/logo\/image\/","url":"https:\/\/www.alpinsolv.ro\/lichidaristocuri\/canny_up\/2019\/11\/logoalpinsolv.png","contentUrl":"https:\/\/www.alpinsolv.ro\/lichidaristocuri\/canny_up\/2019\/11\/logoalpinsolv.png","width":200,"height":31,"caption":"Magazin Online - Alpinsolv SPRL"},"image":{"@id":"https:\/\/www.alpinsolv.ro\/lichidaristocuri\/#\/schema\/logo\/image\/"},"sameAs":["https:\/\/www.facebook.com\/alpinsolv\/"]}]}},"_links":{"self":[{"href":"https:\/\/www.alpinsolv.ro\/lichidaristocuri\/wp-json\/wp\/v2\/product\/4115"}],"collection":[{"href":"https:\/\/www.alpinsolv.ro\/lichidaristocuri\/wp-json\/wp\/v2\/product"}],"about":[{"href":"https:\/\/www.alpinsolv.ro\/lichidaristocuri\/wp-json\/wp\/v2\/types\/product"}],"replies":[{"embeddable":true,"href":"https:\/\/www.alpinsolv.ro\/lichidaristocuri\/wp-json\/wp\/v2\/comments?post=4115"}],"version-history":[{"count":3,"href":"https:\/\/www.alpinsolv.ro\/lichidaristocuri\/wp-json\/wp\/v2\/product\/4115\/revisions"}],"predecessor-version":[{"id":4120,"href":"https:\/\/www.alpinsolv.ro\/lichidaristocuri\/wp-json\/wp\/v2\/product\/4115\/revisions\/4120"}],"wp:attachment":[{"href":"https:\/\/www.alpinsolv.ro\/lichidaristocuri\/wp-json\/wp\/v2\/media?parent=4115"}],"wp:term":[{"taxonomy":"product_cat","embeddable":true,"href":"https:\/\/www.alpinsolv.ro\/lichidaristocuri\/wp-json\/wp\/v2\/product_cat?post=4115"},{"taxonomy":"product_tag","embeddable":true,"href":"https:\/\/www.alpinsolv.ro\/lichidaristocuri\/wp-json\/wp\/v2\/product_tag?post=4115"}],"curies":[{"name":"wp","href":"https:\/\/api.w.org\/{rel}","templated":true}]}}