{"id":4105,"date":"2026-02-28T16:55:00","date_gmt":"2026-02-28T14:55:00","guid":{"rendered":"https:\/\/www.alpinsolv.ro\/lichidaristocuri\/?post_type=product&#038;p=4105"},"modified":"2026-03-20T08:46:07","modified_gmt":"2026-03-20T06:46:07","slug":"kb10-expressor-de-cafea-profesional-10-litri-2-sisteme-de-incalzire-1500-watt-copiaza","status":"publish","type":"product","link":"https:\/\/www.alpinsolv.ro\/lichidaristocuri\/product\/kb10-expressor-de-cafea-profesional-10-litri-2-sisteme-de-incalzire-1500-watt-copiaza\/","title":{"rendered":"KB10 Expressor de cafea profesional, 10 Litri, 2 Sisteme de \u00eenc\u0103lzire, 1500 Watt (copiaz\u0103)"},"content":{"rendered":"<ul class=\"a-unordered-list a-vertical a-spacing-mini\">\n<li class=\"a-spacing-mini\"><span class=\"a-list-item\">Fabricat \u00een \u00eentregime din o\u021bel inoxidabil<\/span><\/li>\n<li class=\"a-spacing-mini\"><span class=\"a-list-item\">2 Sisteme de \u00eenc\u0103lzire pentru prepararea \u0219i p\u0103strarea c\u0103ldurii<\/span><\/li>\n<li class=\"a-spacing-mini\"><span class=\"a-list-item\">Cu sticl\u0103 de afi\u0219are \u0219i robinet de ie\u0219ire<\/span><\/li>\n<li class=\"a-spacing-mini\"><span class=\"a-list-item\">Capacitate: 10 litri<\/span><\/li>\n<li class=\"a-spacing-mini\"><span class=\"a-list-item\">Putere: 1500 W<\/span><\/li>\n<\/ul>\n<p><span style=\"color: #000000\"><strong>Rela\u0163ii suplimentare se pot ob\u021bine de la tel. 0733501358, e-mail: office@alpinsolv.ro\u00a0<\/strong><\/span><\/p>\n","protected":false},"excerpt":{"rendered":"<p>Maker<\/p>\n","protected":false},"featured_media":4103,"comment_status":"open","ping_status":"closed","template":"","meta":{"content-type":""},"product_cat":[44],"product_tag":[109],"yoast_head":"<!-- This site is optimized with the Yoast SEO plugin v19.12 - https:\/\/yoast.com\/wordpress\/plugins\/seo\/ -->\n<title>KB10 Expressor de cafea profesional, 10 Litri, 2 Sisteme de \u00eenc\u0103lzire, 1500 Watt (copiaz\u0103) - ALPINSOLV SPRL<\/title>\n<meta name=\"robots\" content=\"index, follow, max-snippet:-1, max-image-preview:large, max-video-preview:-1\" \/>\n<link rel=\"canonical\" href=\"https:\/\/www.alpinsolv.ro\/lichidaristocuri\/product\/kb10-expressor-de-cafea-profesional-10-litri-2-sisteme-de-incalzire-1500-watt-copiaza\/\" \/>\n<meta property=\"og:locale\" content=\"ro_RO\" \/>\n<meta property=\"og:type\" content=\"article\" \/>\n<meta property=\"og:title\" content=\"KB10 Expressor de cafea profesional, 10 Litri, 2 Sisteme de \u00eenc\u0103lzire, 1500 Watt (copiaz\u0103) - ALPINSOLV SPRL\" \/>\n<meta property=\"og:description\" content=\"Maker\" \/>\n<meta property=\"og:url\" content=\"https:\/\/www.alpinsolv.ro\/lichidaristocuri\/product\/kb10-expressor-de-cafea-profesional-10-litri-2-sisteme-de-incalzire-1500-watt-copiaza\/\" \/>\n<meta property=\"og:site_name\" content=\"ALPINSOLV SPRL\" \/>\n<meta property=\"article:publisher\" content=\"https:\/\/www.facebook.com\/alpinsolv\/\" \/>\n<meta property=\"article:modified_time\" content=\"2026-03-20T06:46:07+00:00\" \/>\n<meta property=\"og:image\" content=\"https:\/\/www.alpinsolv.ro\/lichidaristocuri\/canny_up\/2024\/04\/20240225_161023-scaled.jpg\" \/>\n\t<meta property=\"og:image:width\" content=\"2560\" \/>\n\t<meta property=\"og:image:height\" content=\"1920\" \/>\n\t<meta property=\"og:image:type\" content=\"image\/jpeg\" \/>\n<meta name=\"twitter:card\" content=\"summary_large_image\" \/>\n<meta name=\"twitter:label1\" content=\"Timp estimat pentru citire\" \/>\n\t<meta name=\"twitter:data1\" content=\"1 minut\" \/>\n<script type=\"application\/ld+json\" class=\"yoast-schema-graph\">{\"@context\":\"https:\/\/schema.org\",\"@graph\":[{\"@type\":\"WebPage\",\"@id\":\"https:\/\/www.alpinsolv.ro\/lichidaristocuri\/product\/kb10-expressor-de-cafea-profesional-10-litri-2-sisteme-de-incalzire-1500-watt-copiaza\/\",\"url\":\"https:\/\/www.alpinsolv.ro\/lichidaristocuri\/product\/kb10-expressor-de-cafea-profesional-10-litri-2-sisteme-de-incalzire-1500-watt-copiaza\/\",\"name\":\"KB10 Expressor de cafea profesional, 10 Litri, 2 Sisteme de \u00eenc\u0103lzire, 1500 Watt (copiaz\u0103) - ALPINSOLV SPRL\",\"isPartOf\":{\"@id\":\"https:\/\/www.alpinsolv.ro\/lichidaristocuri\/#website\"},\"datePublished\":\"2026-02-28T14:55:00+00:00\",\"dateModified\":\"2026-03-20T06:46:07+00:00\",\"breadcrumb\":{\"@id\":\"https:\/\/www.alpinsolv.ro\/lichidaristocuri\/product\/kb10-expressor-de-cafea-profesional-10-litri-2-sisteme-de-incalzire-1500-watt-copiaza\/#breadcrumb\"},\"inLanguage\":\"ro-RO\",\"potentialAction\":[{\"@type\":\"ReadAction\",\"target\":[\"https:\/\/www.alpinsolv.ro\/lichidaristocuri\/product\/kb10-expressor-de-cafea-profesional-10-litri-2-sisteme-de-incalzire-1500-watt-copiaza\/\"]}]},{\"@type\":\"BreadcrumbList\",\"@id\":\"https:\/\/www.alpinsolv.ro\/lichidaristocuri\/product\/kb10-expressor-de-cafea-profesional-10-litri-2-sisteme-de-incalzire-1500-watt-copiaza\/#breadcrumb\",\"itemListElement\":[{\"@type\":\"ListItem\",\"position\":1,\"name\":\"Prima pagin\u0103\",\"item\":\"https:\/\/www.alpinsolv.ro\/lichidaristocuri\/\"},{\"@type\":\"ListItem\",\"position\":2,\"name\":\"Magazin\",\"item\":\"https:\/\/www.alpinsolv.ro\/lichidaristocuri\/magazin\/\"},{\"@type\":\"ListItem\",\"position\":3,\"name\":\"KB10 Expressor de cafea profesional, 10 Litri, 2 Sisteme de \u00eenc\u0103lzire, 1500 Watt (copiaz\u0103)\"}]},{\"@type\":\"WebSite\",\"@id\":\"https:\/\/www.alpinsolv.ro\/lichidaristocuri\/#website\",\"url\":\"https:\/\/www.alpinsolv.ro\/lichidaristocuri\/\",\"name\":\"ALPINSOLV SPRL\",\"description\":\"Magazin virtual\",\"publisher\":{\"@id\":\"https:\/\/www.alpinsolv.ro\/lichidaristocuri\/#organization\"},\"potentialAction\":[{\"@type\":\"SearchAction\",\"target\":{\"@type\":\"EntryPoint\",\"urlTemplate\":\"https:\/\/www.alpinsolv.ro\/lichidaristocuri\/?s={search_term_string}\"},\"query-input\":\"required name=search_term_string\"}],\"inLanguage\":\"ro-RO\"},{\"@type\":\"Organization\",\"@id\":\"https:\/\/www.alpinsolv.ro\/lichidaristocuri\/#organization\",\"name\":\"Magazin Online - Alpinsolv SPRL\",\"url\":\"https:\/\/www.alpinsolv.ro\/lichidaristocuri\/\",\"logo\":{\"@type\":\"ImageObject\",\"inLanguage\":\"ro-RO\",\"@id\":\"https:\/\/www.alpinsolv.ro\/lichidaristocuri\/#\/schema\/logo\/image\/\",\"url\":\"https:\/\/www.alpinsolv.ro\/lichidaristocuri\/canny_up\/2019\/11\/logoalpinsolv.png\",\"contentUrl\":\"https:\/\/www.alpinsolv.ro\/lichidaristocuri\/canny_up\/2019\/11\/logoalpinsolv.png\",\"width\":200,\"height\":31,\"caption\":\"Magazin Online - Alpinsolv SPRL\"},\"image\":{\"@id\":\"https:\/\/www.alpinsolv.ro\/lichidaristocuri\/#\/schema\/logo\/image\/\"},\"sameAs\":[\"https:\/\/www.facebook.com\/alpinsolv\/\"]}]}<\/script>\n<!-- \/ Yoast SEO plugin. -->","yoast_head_json":{"title":"KB10 Expressor de cafea profesional, 10 Litri, 2 Sisteme de \u00eenc\u0103lzire, 1500 Watt (copiaz\u0103) - ALPINSOLV SPRL","robots":{"index":"index","follow":"follow","max-snippet":"max-snippet:-1","max-image-preview":"max-image-preview:large","max-video-preview":"max-video-preview:-1"},"canonical":"https:\/\/www.alpinsolv.ro\/lichidaristocuri\/product\/kb10-expressor-de-cafea-profesional-10-litri-2-sisteme-de-incalzire-1500-watt-copiaza\/","og_locale":"ro_RO","og_type":"article","og_title":"KB10 Expressor de cafea profesional, 10 Litri, 2 Sisteme de \u00eenc\u0103lzire, 1500 Watt (copiaz\u0103) - ALPINSOLV SPRL","og_description":"Maker","og_url":"https:\/\/www.alpinsolv.ro\/lichidaristocuri\/product\/kb10-expressor-de-cafea-profesional-10-litri-2-sisteme-de-incalzire-1500-watt-copiaza\/","og_site_name":"ALPINSOLV SPRL","article_publisher":"https:\/\/www.facebook.com\/alpinsolv\/","article_modified_time":"2026-03-20T06:46:07+00:00","og_image":[{"width":2560,"height":1920,"url":"https:\/\/www.alpinsolv.ro\/lichidaristocuri\/canny_up\/2024\/04\/20240225_161023-scaled.jpg","type":"image\/jpeg"}],"twitter_card":"summary_large_image","twitter_misc":{"Timp estimat pentru citire":"1 minut"},"schema":{"@context":"https:\/\/schema.org","@graph":[{"@type":"WebPage","@id":"https:\/\/www.alpinsolv.ro\/lichidaristocuri\/product\/kb10-expressor-de-cafea-profesional-10-litri-2-sisteme-de-incalzire-1500-watt-copiaza\/","url":"https:\/\/www.alpinsolv.ro\/lichidaristocuri\/product\/kb10-expressor-de-cafea-profesional-10-litri-2-sisteme-de-incalzire-1500-watt-copiaza\/","name":"KB10 Expressor de cafea profesional, 10 Litri, 2 Sisteme de \u00eenc\u0103lzire, 1500 Watt (copiaz\u0103) - ALPINSOLV SPRL","isPartOf":{"@id":"https:\/\/www.alpinsolv.ro\/lichidaristocuri\/#website"},"datePublished":"2026-02-28T14:55:00+00:00","dateModified":"2026-03-20T06:46:07+00:00","breadcrumb":{"@id":"https:\/\/www.alpinsolv.ro\/lichidaristocuri\/product\/kb10-expressor-de-cafea-profesional-10-litri-2-sisteme-de-incalzire-1500-watt-copiaza\/#breadcrumb"},"inLanguage":"ro-RO","potentialAction":[{"@type":"ReadAction","target":["https:\/\/www.alpinsolv.ro\/lichidaristocuri\/product\/kb10-expressor-de-cafea-profesional-10-litri-2-sisteme-de-incalzire-1500-watt-copiaza\/"]}]},{"@type":"BreadcrumbList","@id":"https:\/\/www.alpinsolv.ro\/lichidaristocuri\/product\/kb10-expressor-de-cafea-profesional-10-litri-2-sisteme-de-incalzire-1500-watt-copiaza\/#breadcrumb","itemListElement":[{"@type":"ListItem","position":1,"name":"Prima pagin\u0103","item":"https:\/\/www.alpinsolv.ro\/lichidaristocuri\/"},{"@type":"ListItem","position":2,"name":"Magazin","item":"https:\/\/www.alpinsolv.ro\/lichidaristocuri\/magazin\/"},{"@type":"ListItem","position":3,"name":"KB10 Expressor de cafea profesional, 10 Litri, 2 Sisteme de \u00eenc\u0103lzire, 1500 Watt (copiaz\u0103)"}]},{"@type":"WebSite","@id":"https:\/\/www.alpinsolv.ro\/lichidaristocuri\/#website","url":"https:\/\/www.alpinsolv.ro\/lichidaristocuri\/","name":"ALPINSOLV SPRL","description":"Magazin virtual","publisher":{"@id":"https:\/\/www.alpinsolv.ro\/lichidaristocuri\/#organization"},"potentialAction":[{"@type":"SearchAction","target":{"@type":"EntryPoint","urlTemplate":"https:\/\/www.alpinsolv.ro\/lichidaristocuri\/?s={search_term_string}"},"query-input":"required name=search_term_string"}],"inLanguage":"ro-RO"},{"@type":"Organization","@id":"https:\/\/www.alpinsolv.ro\/lichidaristocuri\/#organization","name":"Magazin Online - Alpinsolv SPRL","url":"https:\/\/www.alpinsolv.ro\/lichidaristocuri\/","logo":{"@type":"ImageObject","inLanguage":"ro-RO","@id":"https:\/\/www.alpinsolv.ro\/lichidaristocuri\/#\/schema\/logo\/image\/","url":"https:\/\/www.alpinsolv.ro\/lichidaristocuri\/canny_up\/2019\/11\/logoalpinsolv.png","contentUrl":"https:\/\/www.alpinsolv.ro\/lichidaristocuri\/canny_up\/2019\/11\/logoalpinsolv.png","width":200,"height":31,"caption":"Magazin Online - Alpinsolv SPRL"},"image":{"@id":"https:\/\/www.alpinsolv.ro\/lichidaristocuri\/#\/schema\/logo\/image\/"},"sameAs":["https:\/\/www.facebook.com\/alpinsolv\/"]}]}},"_links":{"self":[{"href":"https:\/\/www.alpinsolv.ro\/lichidaristocuri\/wp-json\/wp\/v2\/product\/4105"}],"collection":[{"href":"https:\/\/www.alpinsolv.ro\/lichidaristocuri\/wp-json\/wp\/v2\/product"}],"about":[{"href":"https:\/\/www.alpinsolv.ro\/lichidaristocuri\/wp-json\/wp\/v2\/types\/product"}],"replies":[{"embeddable":true,"href":"https:\/\/www.alpinsolv.ro\/lichidaristocuri\/wp-json\/wp\/v2\/comments?post=4105"}],"version-history":[{"count":1,"href":"https:\/\/www.alpinsolv.ro\/lichidaristocuri\/wp-json\/wp\/v2\/product\/4105\/revisions"}],"predecessor-version":[{"id":4106,"href":"https:\/\/www.alpinsolv.ro\/lichidaristocuri\/wp-json\/wp\/v2\/product\/4105\/revisions\/4106"}],"wp:featuredmedia":[{"embeddable":true,"href":"https:\/\/www.alpinsolv.ro\/lichidaristocuri\/wp-json\/wp\/v2\/media\/4103"}],"wp:attachment":[{"href":"https:\/\/www.alpinsolv.ro\/lichidaristocuri\/wp-json\/wp\/v2\/media?parent=4105"}],"wp:term":[{"taxonomy":"product_cat","embeddable":true,"href":"https:\/\/www.alpinsolv.ro\/lichidaristocuri\/wp-json\/wp\/v2\/product_cat?post=4105"},{"taxonomy":"product_tag","embeddable":true,"href":"https:\/\/www.alpinsolv.ro\/lichidaristocuri\/wp-json\/wp\/v2\/product_tag?post=4105"}],"curies":[{"name":"wp","href":"https:\/\/api.w.org\/{rel}","templated":true}]}}