{"id":3946,"date":"2026-02-28T19:39:20","date_gmt":"2026-02-28T17:39:20","guid":{"rendered":"https:\/\/www.alpinsolv.ro\/lichidaristocuri\/?post_type=product&#038;p=3946"},"modified":"2026-03-20T08:49:41","modified_gmt":"2026-03-20T06:49:41","slug":"pompa-grundfos-tp-50-60-2-a-f-a-bube","status":"publish","type":"product","link":"https:\/\/www.alpinsolv.ro\/lichidaristocuri\/product\/pompa-grundfos-tp-50-60-2-a-f-a-bube\/","title":{"rendered":"Pompa Grundfos TP 50-60\/2 A-F-A-BUBE"},"content":{"rendered":"<p>Pomp\u0103 \u00een bavuri, \u00eentr-o treapt\u0103, cu cuplaj str\u00e2ns cu racorduri de aspirare \u015fi refulare de diametre identice. Pompele au un design &#8220;top-pull-out&#8221;, adic\u0103 capul de antrenare (motor, cap pomp\u0103 \u015fi rotor) poate fi \u00eendep\u0103rtat pentru \u00eentre\u0163inere sau service \u00een timp ce carcasa pompei r\u0103m\u00e2ne pe conduct\u0103. Pompa este echipat\u0103 cu o etan\u015fare tip pern\u0103 de cauciuc neechilibrat\u0103. Etan\u015farea de arbore este conform\u0103 cu DIN EN 12756. Racordul conductelor se face prin flan\u015fe PN 6\/10 DIN (EN 1092-2 \u015fi ISO 7005-2). Pompa este echipat\u0103 cu un motor asincron r\u0103cit de un ventilator.<br \/>\nComponentele din font\u0103 sunt acoperite cu un strat pe baz\u0103 de epoxid ob\u021binut printr-un proces de depunere electrolitic\u0103 catodic\u0103 (CED). CED este un proces de vopsire prin cufundare de calitate superioar\u0103 unde un c\u00e2mp electric din jurul produsul asigur\u0103 depunerea particulelor de vopsea ca un strat sub\u0163ire, bine controlat pe suprafa\u0163\u0103.<\/p>\n<p><strong><span style=\"color: #000000\">Pompa este potrivit\u0103 pentru:<\/span><\/strong><\/p>\n<ul>\n<li><span style=\"color: #000000\">protec\u021bie la inghet<\/span><\/li>\n<li><span style=\"color: #000000\">extragere ape subterane pentru irigare<\/span><\/li>\n<li><span style=\"color: #000000\">hr\u0103nirea animalelor<\/span><\/li>\n<li><span style=\"color: #000000\">inclus\u0103 \u00een solu\u021bii solare\u00a0<\/span><\/li>\n<li><span style=\"color: #000000\">aspersoare rotative<\/span><\/li>\n<li><span style=\"color: #000000\">alimentare cu apa<\/span><\/li>\n<li><span style=\"color: #000000\">irigare<\/span><\/li>\n<li><span style=\"color: #000000\">desalinizare<\/span><\/li>\n<li><span style=\"color: #000000\">distribu\u021bia apei<\/span><\/li>\n<li><span style=\"color: #000000\">pentru utilizare \u00een re\u021belele de termoficare \u0219i r\u0103cire<\/span><\/li>\n<li><span style=\"color: #000000\">\u00een sta\u021biile de tratarea a apei potabile<\/span><\/li>\n<\/ul>\n<p><span style=\"color: #000000\">Pompele \u00een linie TP se caracterizeaz\u0103 nu numai prin eficien\u021b\u0103 ridicat\u0103, ci \u0219i prin consum redus de energie \u0219i design compact, care economise\u0219te spa\u021biu \u00een timpul instal\u0103rii. Este o solu\u021bie perfect\u0103 pentru persoanele care apreciaz\u0103 inova\u021bia \u0219i calitatea tehnologiei pompelor.<\/span><\/p>\n<h3><span style=\"color: #000000\">Specifica\u021bii tehnice Grundfos TP 50-60\/2 A-F-A-BUBE:<\/span><\/h3>\n<p>Lichid pompat: Ap\u0103<br \/>\nGama temperaturii lichidului: 0 .. 140 \u00b0C<br \/>\nTemperatura lichidului \u00een timpul func\u021bion\u0103rii: 20 \u00b0C<br \/>\nDensitate: 998.2 kg\/m\u00b3<br \/>\nTehnic:<br \/>\nTura\u0163ia pompei pentru care sunt date datele pompei: 2870 rpm<br \/>\nDebit nominal: 16.2 m\u00b3\/h<br \/>\n\u00cen\u0103l\u021bime de pompare nominal\u0103: 4.4 m<br \/>\nDiametrul real al rotorului: 74 mm<br \/>\nCod pentru etan\u0219area arborelui: BUBE<br \/>\nToleran\u021ba curbei: ISO9906:2012 3B<br \/>\nMateriale:<br \/>\nCorpul pompei (stator): Font\u0103<br \/>\nCarcas\u0103 pomp\u0103: EN-JL1040<br \/>\nCarcasa pompei: A48-40 B<br \/>\nRotor: Stainless steel<br \/>\nInstala\u0163ie:<br \/>\nt max amb: 40 \u00b0C<br \/>\nPresiune de func\u0163ionare maxim\u0103: 10 bar<br \/>\nTip conexiune: DIN<br \/>\nDimensiune racord: DN 50<br \/>\nEvaluare presiune pentru racord: PN 6\/10<br \/>\nLungimea dintre porturi: 280 mm<br \/>\nDate electrice:<br \/>\nTip motor: 71A<br \/>\nClasa de eficien\u021b\u0103 IE: IE3<br \/>\nPutere nominal\u0103 &#8211; P2: 0.37 kW<br \/>\nFrecven\u0163a re\u0163elei electrice: 50 Hz<br \/>\nTensiune nominal\u0103: 3 x 220-240D\/380-415Y V<br \/>\nCurent nominal: 1.74\/1.00 A<br \/>\nCurent de pornire: 490-530 %<br \/>\nCos phi &#8211; factor de putere: 0.80-0.70<br \/>\nTura\u0163ie nominal\u0103: 2850-2880 rpm<br \/>\nEficien\u021b\u0103: IE3 73,8%<br \/>\nRandamentul motorului la o \u00eenc\u0103rcare maxim\u0103: 73.8 %<br \/>\nRandament motor la 3\/4 sarcin\u0103: 79.0 %<br \/>\nRandament motor la 1\/2 sarcin\u0103: 75.5 %<br \/>\nNum\u0103rul de poli: 2<br \/>\nGrad de protec\u0163ie (IEC 34-5): 55 Dust\/Jetting<br \/>\nClas\u0103 de izolare (IEC 85): F<br \/>\nCod produs motor: 85805102<br \/>\nAltele:<br \/>\nIndex minim de eficien\u021b\u0103, MEI \u2265: 0.60<br \/>\nGreutate net\u0103: 25.4 kg<br \/>\nGreutate brut\u0103: 29 kg<br \/>\nVolum de livrare: 0.06 m\u00b3<span style=\"color: #000000\"><strong>Rela\u0163ii suplimentare se pot ob\u021bine de la tel. 0733501358, e-mail: office@alpinsolv.ro\u00a0<\/strong><\/span><\/p>\n","protected":false},"excerpt":{"rendered":"<p>Pompa Grundfos TP<\/p>\n","protected":false},"featured_media":3947,"comment_status":"open","ping_status":"closed","template":"","meta":{"content-type":""},"product_cat":[44,82,74],"product_tag":[109],"yoast_head":"<!-- This site is optimized with the Yoast SEO plugin v19.12 - https:\/\/yoast.com\/wordpress\/plugins\/seo\/ -->\n<title>Pompa Grundfos TP 50-60\/2 A-F-A-BUBE - ALPINSOLV SPRL<\/title>\n<meta name=\"robots\" content=\"index, follow, max-snippet:-1, max-image-preview:large, max-video-preview:-1\" \/>\n<link rel=\"canonical\" href=\"https:\/\/www.alpinsolv.ro\/lichidaristocuri\/product\/pompa-grundfos-tp-50-60-2-a-f-a-bube\/\" \/>\n<meta property=\"og:locale\" content=\"ro_RO\" \/>\n<meta property=\"og:type\" content=\"article\" \/>\n<meta property=\"og:title\" content=\"Pompa Grundfos TP 50-60\/2 A-F-A-BUBE - ALPINSOLV SPRL\" \/>\n<meta property=\"og:description\" content=\"Pompa Grundfos TP\" \/>\n<meta property=\"og:url\" content=\"https:\/\/www.alpinsolv.ro\/lichidaristocuri\/product\/pompa-grundfos-tp-50-60-2-a-f-a-bube\/\" \/>\n<meta property=\"og:site_name\" content=\"ALPINSOLV SPRL\" \/>\n<meta property=\"article:publisher\" content=\"https:\/\/www.facebook.com\/alpinsolv\/\" \/>\n<meta property=\"article:modified_time\" content=\"2026-03-20T06:49:41+00:00\" \/>\n<meta property=\"og:image\" content=\"https:\/\/www.alpinsolv.ro\/lichidaristocuri\/canny_up\/2023\/08\/IMG_0980-rotated.jpg\" \/>\n\t<meta property=\"og:image:width\" content=\"1536\" \/>\n\t<meta property=\"og:image:height\" content=\"2048\" \/>\n\t<meta property=\"og:image:type\" content=\"image\/jpeg\" \/>\n<meta name=\"twitter:card\" content=\"summary_large_image\" \/>\n<meta name=\"twitter:label1\" content=\"Timp estimat pentru citire\" \/>\n\t<meta name=\"twitter:data1\" content=\"3 minute\" \/>\n<script type=\"application\/ld+json\" class=\"yoast-schema-graph\">{\"@context\":\"https:\/\/schema.org\",\"@graph\":[{\"@type\":\"WebPage\",\"@id\":\"https:\/\/www.alpinsolv.ro\/lichidaristocuri\/product\/pompa-grundfos-tp-50-60-2-a-f-a-bube\/\",\"url\":\"https:\/\/www.alpinsolv.ro\/lichidaristocuri\/product\/pompa-grundfos-tp-50-60-2-a-f-a-bube\/\",\"name\":\"Pompa Grundfos TP 50-60\/2 A-F-A-BUBE - ALPINSOLV SPRL\",\"isPartOf\":{\"@id\":\"https:\/\/www.alpinsolv.ro\/lichidaristocuri\/#website\"},\"datePublished\":\"2026-02-28T17:39:20+00:00\",\"dateModified\":\"2026-03-20T06:49:41+00:00\",\"breadcrumb\":{\"@id\":\"https:\/\/www.alpinsolv.ro\/lichidaristocuri\/product\/pompa-grundfos-tp-50-60-2-a-f-a-bube\/#breadcrumb\"},\"inLanguage\":\"ro-RO\",\"potentialAction\":[{\"@type\":\"ReadAction\",\"target\":[\"https:\/\/www.alpinsolv.ro\/lichidaristocuri\/product\/pompa-grundfos-tp-50-60-2-a-f-a-bube\/\"]}]},{\"@type\":\"BreadcrumbList\",\"@id\":\"https:\/\/www.alpinsolv.ro\/lichidaristocuri\/product\/pompa-grundfos-tp-50-60-2-a-f-a-bube\/#breadcrumb\",\"itemListElement\":[{\"@type\":\"ListItem\",\"position\":1,\"name\":\"Prima pagin\u0103\",\"item\":\"https:\/\/www.alpinsolv.ro\/lichidaristocuri\/\"},{\"@type\":\"ListItem\",\"position\":2,\"name\":\"Magazin\",\"item\":\"https:\/\/www.alpinsolv.ro\/lichidaristocuri\/magazin\/\"},{\"@type\":\"ListItem\",\"position\":3,\"name\":\"Pompa Grundfos TP 50-60\/2 A-F-A-BUBE\"}]},{\"@type\":\"WebSite\",\"@id\":\"https:\/\/www.alpinsolv.ro\/lichidaristocuri\/#website\",\"url\":\"https:\/\/www.alpinsolv.ro\/lichidaristocuri\/\",\"name\":\"ALPINSOLV SPRL\",\"description\":\"Magazin virtual\",\"publisher\":{\"@id\":\"https:\/\/www.alpinsolv.ro\/lichidaristocuri\/#organization\"},\"potentialAction\":[{\"@type\":\"SearchAction\",\"target\":{\"@type\":\"EntryPoint\",\"urlTemplate\":\"https:\/\/www.alpinsolv.ro\/lichidaristocuri\/?s={search_term_string}\"},\"query-input\":\"required name=search_term_string\"}],\"inLanguage\":\"ro-RO\"},{\"@type\":\"Organization\",\"@id\":\"https:\/\/www.alpinsolv.ro\/lichidaristocuri\/#organization\",\"name\":\"Magazin Online - Alpinsolv SPRL\",\"url\":\"https:\/\/www.alpinsolv.ro\/lichidaristocuri\/\",\"logo\":{\"@type\":\"ImageObject\",\"inLanguage\":\"ro-RO\",\"@id\":\"https:\/\/www.alpinsolv.ro\/lichidaristocuri\/#\/schema\/logo\/image\/\",\"url\":\"https:\/\/www.alpinsolv.ro\/lichidaristocuri\/canny_up\/2019\/11\/logoalpinsolv.png\",\"contentUrl\":\"https:\/\/www.alpinsolv.ro\/lichidaristocuri\/canny_up\/2019\/11\/logoalpinsolv.png\",\"width\":200,\"height\":31,\"caption\":\"Magazin Online - Alpinsolv SPRL\"},\"image\":{\"@id\":\"https:\/\/www.alpinsolv.ro\/lichidaristocuri\/#\/schema\/logo\/image\/\"},\"sameAs\":[\"https:\/\/www.facebook.com\/alpinsolv\/\"]}]}<\/script>\n<!-- \/ Yoast SEO plugin. -->","yoast_head_json":{"title":"Pompa Grundfos TP 50-60\/2 A-F-A-BUBE - ALPINSOLV SPRL","robots":{"index":"index","follow":"follow","max-snippet":"max-snippet:-1","max-image-preview":"max-image-preview:large","max-video-preview":"max-video-preview:-1"},"canonical":"https:\/\/www.alpinsolv.ro\/lichidaristocuri\/product\/pompa-grundfos-tp-50-60-2-a-f-a-bube\/","og_locale":"ro_RO","og_type":"article","og_title":"Pompa Grundfos TP 50-60\/2 A-F-A-BUBE - ALPINSOLV SPRL","og_description":"Pompa Grundfos TP","og_url":"https:\/\/www.alpinsolv.ro\/lichidaristocuri\/product\/pompa-grundfos-tp-50-60-2-a-f-a-bube\/","og_site_name":"ALPINSOLV SPRL","article_publisher":"https:\/\/www.facebook.com\/alpinsolv\/","article_modified_time":"2026-03-20T06:49:41+00:00","og_image":[{"width":1536,"height":2048,"url":"https:\/\/www.alpinsolv.ro\/lichidaristocuri\/canny_up\/2023\/08\/IMG_0980-rotated.jpg","type":"image\/jpeg"}],"twitter_card":"summary_large_image","twitter_misc":{"Timp estimat pentru citire":"3 minute"},"schema":{"@context":"https:\/\/schema.org","@graph":[{"@type":"WebPage","@id":"https:\/\/www.alpinsolv.ro\/lichidaristocuri\/product\/pompa-grundfos-tp-50-60-2-a-f-a-bube\/","url":"https:\/\/www.alpinsolv.ro\/lichidaristocuri\/product\/pompa-grundfos-tp-50-60-2-a-f-a-bube\/","name":"Pompa Grundfos TP 50-60\/2 A-F-A-BUBE - ALPINSOLV SPRL","isPartOf":{"@id":"https:\/\/www.alpinsolv.ro\/lichidaristocuri\/#website"},"datePublished":"2026-02-28T17:39:20+00:00","dateModified":"2026-03-20T06:49:41+00:00","breadcrumb":{"@id":"https:\/\/www.alpinsolv.ro\/lichidaristocuri\/product\/pompa-grundfos-tp-50-60-2-a-f-a-bube\/#breadcrumb"},"inLanguage":"ro-RO","potentialAction":[{"@type":"ReadAction","target":["https:\/\/www.alpinsolv.ro\/lichidaristocuri\/product\/pompa-grundfos-tp-50-60-2-a-f-a-bube\/"]}]},{"@type":"BreadcrumbList","@id":"https:\/\/www.alpinsolv.ro\/lichidaristocuri\/product\/pompa-grundfos-tp-50-60-2-a-f-a-bube\/#breadcrumb","itemListElement":[{"@type":"ListItem","position":1,"name":"Prima pagin\u0103","item":"https:\/\/www.alpinsolv.ro\/lichidaristocuri\/"},{"@type":"ListItem","position":2,"name":"Magazin","item":"https:\/\/www.alpinsolv.ro\/lichidaristocuri\/magazin\/"},{"@type":"ListItem","position":3,"name":"Pompa Grundfos TP 50-60\/2 A-F-A-BUBE"}]},{"@type":"WebSite","@id":"https:\/\/www.alpinsolv.ro\/lichidaristocuri\/#website","url":"https:\/\/www.alpinsolv.ro\/lichidaristocuri\/","name":"ALPINSOLV SPRL","description":"Magazin virtual","publisher":{"@id":"https:\/\/www.alpinsolv.ro\/lichidaristocuri\/#organization"},"potentialAction":[{"@type":"SearchAction","target":{"@type":"EntryPoint","urlTemplate":"https:\/\/www.alpinsolv.ro\/lichidaristocuri\/?s={search_term_string}"},"query-input":"required name=search_term_string"}],"inLanguage":"ro-RO"},{"@type":"Organization","@id":"https:\/\/www.alpinsolv.ro\/lichidaristocuri\/#organization","name":"Magazin Online - Alpinsolv SPRL","url":"https:\/\/www.alpinsolv.ro\/lichidaristocuri\/","logo":{"@type":"ImageObject","inLanguage":"ro-RO","@id":"https:\/\/www.alpinsolv.ro\/lichidaristocuri\/#\/schema\/logo\/image\/","url":"https:\/\/www.alpinsolv.ro\/lichidaristocuri\/canny_up\/2019\/11\/logoalpinsolv.png","contentUrl":"https:\/\/www.alpinsolv.ro\/lichidaristocuri\/canny_up\/2019\/11\/logoalpinsolv.png","width":200,"height":31,"caption":"Magazin Online - Alpinsolv SPRL"},"image":{"@id":"https:\/\/www.alpinsolv.ro\/lichidaristocuri\/#\/schema\/logo\/image\/"},"sameAs":["https:\/\/www.facebook.com\/alpinsolv\/"]}]}},"_links":{"self":[{"href":"https:\/\/www.alpinsolv.ro\/lichidaristocuri\/wp-json\/wp\/v2\/product\/3946"}],"collection":[{"href":"https:\/\/www.alpinsolv.ro\/lichidaristocuri\/wp-json\/wp\/v2\/product"}],"about":[{"href":"https:\/\/www.alpinsolv.ro\/lichidaristocuri\/wp-json\/wp\/v2\/types\/product"}],"replies":[{"embeddable":true,"href":"https:\/\/www.alpinsolv.ro\/lichidaristocuri\/wp-json\/wp\/v2\/comments?post=3946"}],"version-history":[{"count":4,"href":"https:\/\/www.alpinsolv.ro\/lichidaristocuri\/wp-json\/wp\/v2\/product\/3946\/revisions"}],"predecessor-version":[{"id":4210,"href":"https:\/\/www.alpinsolv.ro\/lichidaristocuri\/wp-json\/wp\/v2\/product\/3946\/revisions\/4210"}],"wp:featuredmedia":[{"embeddable":true,"href":"https:\/\/www.alpinsolv.ro\/lichidaristocuri\/wp-json\/wp\/v2\/media\/3947"}],"wp:attachment":[{"href":"https:\/\/www.alpinsolv.ro\/lichidaristocuri\/wp-json\/wp\/v2\/media?parent=3946"}],"wp:term":[{"taxonomy":"product_cat","embeddable":true,"href":"https:\/\/www.alpinsolv.ro\/lichidaristocuri\/wp-json\/wp\/v2\/product_cat?post=3946"},{"taxonomy":"product_tag","embeddable":true,"href":"https:\/\/www.alpinsolv.ro\/lichidaristocuri\/wp-json\/wp\/v2\/product_tag?post=3946"}],"curies":[{"name":"wp","href":"https:\/\/api.w.org\/{rel}","templated":true}]}}