{"id":3908,"date":"2026-02-02T16:15:53","date_gmt":"2026-02-02T14:15:53","guid":{"rendered":"https:\/\/www.alpinsolv.ro\/lichidaristocuri\/?post_type=product&#038;p=3908"},"modified":"2026-03-20T09:26:51","modified_gmt":"2026-03-20T07:26:51","slug":"pompa-grundfos-tpe","status":"publish","type":"product","link":"https:\/\/www.alpinsolv.ro\/lichidaristocuri\/product\/pompa-grundfos-tpe\/","title":{"rendered":"Pompa Grundfos TPE 65-60\/4 A-F-A-BUBE"},"content":{"rendered":"<p><span style=\"color: #000000\">Pomp\u0103 \u00een bavuri, \u00eentr-o treapt\u0103, cu cuplaj str\u00e2ns cu racorduri de aspirare \u015fi refulare de diametre identice. Pompa <\/span><span style=\"color: #000000\">are un design &#8220;top-pull-out&#8221;, adic\u0103 capul de antrenare (motor, cap pomp\u0103 \u015fi rotor) poate fi \u00eendep\u0103rtat pentru <\/span><span style=\"color: #000000\">\u00eentre\u0163inere sau service \u00een timp ce carcasa pompei r\u0103m\u00e2ne pe conduct\u0103. <\/span><span style=\"color: #000000\">Pompa este echipat\u0103 cu o etan\u015fare tip pern\u0103 de cauciuc neechilibrat\u0103. Etan\u015farea de arbore este conform\u0103 cu DIN <\/span><span style=\"color: #000000\">EN 12756. Racordul conductelor se face prin flan\u015fe PN 6\/10 DIN (EN 1092-2 \u015fi ISO 7005-2).<\/span><\/p>\n<p><span style=\"color: #000000\">Cu num\u0103r de catalog 96459733 este o solu\u021bie versatil\u0103 at\u00e2t pentru industrie, agricultur\u0103 c\u00e2t \u0219i pentru cl\u0103diri reziden\u021biale, asigur\u00e2nd o calitate \u00eenalt\u0103 \u0219i o func\u021bionare fiabil\u0103. Datorit\u0103 utiliz\u0103rii <strong>convertoarelor\u00a0<\/strong><strong>de frecven\u021b\u0103<\/strong>\u00a0,\u00a0<strong>pompa\u00a0<\/strong><strong>TPE 65-60\/4 A-F-A-BUBE<\/strong>\u00a0ofer\u0103\u00a0<strong>o reglare lin\u0103 a performan\u021bei<\/strong>, ceea ce permite o ajustare precis\u0103 la diferite nevoi. <\/span><\/p>\n<p><strong><span style=\"color: #000000\">Pompa este potrivit\u0103 pentru:<\/span><\/strong><\/p>\n<ul>\n<li><span style=\"color: #000000\">pic\u0103tur\u0103\/microatomizare<\/span><\/li>\n<li><span style=\"color: #000000\">protec\u021bie la inghet<\/span><\/li>\n<li><span style=\"color: #000000\">extragere ape subterane pentru irigare<\/span><\/li>\n<li><span style=\"color: #000000\">hr\u0103nirea animalelor<\/span><\/li>\n<li><span style=\"color: #000000\">inclus\u0103 \u00een solu\u021bii solare\u00a0<\/span><\/li>\n<li><span style=\"color: #000000\">aspersoare rotative<\/span><\/li>\n<li><span style=\"color: #000000\">alimentare cu apa<\/span><\/li>\n<li><span style=\"color: #000000\">irigare<\/span><\/li>\n<li><span style=\"color: #000000\">desalinizare<\/span><\/li>\n<li><span style=\"color: #000000\">distribu\u021bia apei<\/span><\/li>\n<li><span style=\"color: #000000\">pentru utilizare \u00een re\u021belele de termoficare \u0219i r\u0103cire<\/span><\/li>\n<li><span style=\"color: #000000\">\u00een sta\u021biile de tratarea a apei potabile<\/span><\/li>\n<\/ul>\n<p><span style=\"color: #000000\">Pompele \u00een linie TPE se caracterizeaz\u0103 nu numai prin eficien\u021b\u0103 ridicat\u0103, ci \u0219i prin consum redus de energie \u0219i design compact, care economise\u0219te spa\u021biu \u00een timpul instal\u0103rii. Este o solu\u021bie perfect\u0103 pentru persoanele care apreciaz\u0103 inova\u021bia \u0219i calitatea tehnologiei pompelor.<\/span><\/p>\n<h3><span style=\"color: #000000\">Specifica\u021bii tehnice Grundfos TPE <strong>65-60\/4 A-F-A-BUBE<\/strong>:<\/span><\/h3>\n<ul>\n<li>Denumire produs: TPE 65-60\/4 A-F-A-BUBE<\/li>\n<li>Num\u0103r de catalog: <span style=\"color: #000000\">96459733<\/span><\/li>\n<\/ul>\n<p><strong>Tehnic:<\/strong><\/p>\n<ul>\n<li>Viteza rotorului: 1420 rpm<\/li>\n<li>Debit nominal: 30 m\u00b3\/h<\/li>\n<li>\u00cen\u0103l\u021bime nominala de ridicare: 4,2 m<\/li>\n<li>\u00cen\u0103l\u021bime maxima de ridicare: 6,0 m<\/li>\n<li>Cod etan\u0219are arbore: BUBE<\/li>\n<li>Versiune pompa: A<\/li>\n<\/ul>\n<p><strong>Materiale:<\/strong><\/p>\n<ul>\n<li>Corpul pompei din font\u0103 gri<\/li>\n<li>Cod materiale: A<\/li>\n<\/ul>\n<p><strong>Instalare:<\/strong><\/p>\n<ul>\n<li>Temperatura maxima: 140\u00b0C<\/li>\n<li>Presiune maxim\u0103 de lucru: 10 bar<\/li>\n<li>Tip conexiune: DIN<\/li>\n<li>Dimensiune racordare: DN 65<\/li>\n<\/ul>\n<p><strong>Lichid:<\/strong><\/p>\n<ul>\n<li>Mediu pompat: ap\u0103\/lichide<\/li>\n<li>Interval de temperatur\u0103 a lichidului: -25\u00b0C p\u00e2n\u0103 la 140\u00b0C<\/li>\n<\/ul>\n<p><strong>Date electrice:<\/strong><\/p>\n<ul>\n<li>Tip motor: MGE80A4-19FT100-C<\/li>\n<li>Puterea nominal\u0103 a motorului 0,55 kW<\/li>\n<li>Frecven\u021ba fundamental\u0103: 50Hz<\/li>\n<li>Tensiune nominal\u0103: 1 x 220-240V<\/li>\n<li>Curent nominal: 2,20-1,90 A<\/li>\n<li>Factorul de putere (cos phi): 0,94<\/li>\n<li>Turatie nominala: 180-1410 rpm<\/li>\n<li>Eficien\u021ba motorului la sarcin\u0103 maxim\u0103: 64%<\/li>\n<li>Numar de poli: 4<\/li>\n<li>Clasa de izolare (conform IEC 85): F<\/li>\n<li>Protectie incorporata a motorului: PTC<\/li>\n<li>Nr. motor: 867551013-v06<\/li>\n<\/ul>\n<p><strong>Alte:<\/strong><\/p>\n<ul>\n<li>Senzori convertizor instalat din fabrica<\/li>\n<\/ul>\n<p><span style=\"color: #000000\"><strong>Rela\u0163ii suplimentare se pot ob\u021bine de la tel. 0733501358, e-mail: office@alpinsolv.ro .<\/strong><\/span><\/p>\n","protected":false},"excerpt":{"rendered":"<p>Pompa Grundfos TPE<\/p>\n","protected":false},"featured_media":3912,"comment_status":"open","ping_status":"closed","template":"","meta":{"content-type":""},"product_cat":[44,82,74],"product_tag":[109],"yoast_head":"<!-- This site is optimized with the Yoast SEO plugin v19.12 - https:\/\/yoast.com\/wordpress\/plugins\/seo\/ -->\n<title>Pompa Grundfos TPE 65-60\/4 A-F-A-BUBE - ALPINSOLV SPRL<\/title>\n<meta name=\"robots\" content=\"index, follow, max-snippet:-1, max-image-preview:large, max-video-preview:-1\" \/>\n<link rel=\"canonical\" href=\"https:\/\/www.alpinsolv.ro\/lichidaristocuri\/product\/pompa-grundfos-tpe\/\" \/>\n<meta property=\"og:locale\" content=\"ro_RO\" \/>\n<meta property=\"og:type\" content=\"article\" \/>\n<meta property=\"og:title\" content=\"Pompa Grundfos TPE 65-60\/4 A-F-A-BUBE - ALPINSOLV SPRL\" \/>\n<meta property=\"og:description\" content=\"Pompa Grundfos TPE\" \/>\n<meta property=\"og:url\" content=\"https:\/\/www.alpinsolv.ro\/lichidaristocuri\/product\/pompa-grundfos-tpe\/\" \/>\n<meta property=\"og:site_name\" content=\"ALPINSOLV SPRL\" \/>\n<meta property=\"article:publisher\" content=\"https:\/\/www.facebook.com\/alpinsolv\/\" \/>\n<meta property=\"article:modified_time\" content=\"2026-03-20T07:26:51+00:00\" \/>\n<meta property=\"og:image\" content=\"https:\/\/www.alpinsolv.ro\/lichidaristocuri\/canny_up\/2023\/08\/Grundfos-TPE-32-604-S-A-F-A-RUUE-Pompa-obiegowa-centralnego-ogrzewania.jpg\" \/>\n\t<meta property=\"og:image:width\" content=\"390\" \/>\n\t<meta property=\"og:image:height\" content=\"500\" \/>\n\t<meta property=\"og:image:type\" content=\"image\/jpeg\" \/>\n<meta name=\"twitter:card\" content=\"summary_large_image\" \/>\n<meta name=\"twitter:label1\" content=\"Timp estimat pentru citire\" \/>\n\t<meta name=\"twitter:data1\" content=\"3 minute\" \/>\n<script type=\"application\/ld+json\" class=\"yoast-schema-graph\">{\"@context\":\"https:\/\/schema.org\",\"@graph\":[{\"@type\":\"WebPage\",\"@id\":\"https:\/\/www.alpinsolv.ro\/lichidaristocuri\/product\/pompa-grundfos-tpe\/\",\"url\":\"https:\/\/www.alpinsolv.ro\/lichidaristocuri\/product\/pompa-grundfos-tpe\/\",\"name\":\"Pompa Grundfos TPE 65-60\/4 A-F-A-BUBE - ALPINSOLV SPRL\",\"isPartOf\":{\"@id\":\"https:\/\/www.alpinsolv.ro\/lichidaristocuri\/#website\"},\"datePublished\":\"2026-02-02T14:15:53+00:00\",\"dateModified\":\"2026-03-20T07:26:51+00:00\",\"breadcrumb\":{\"@id\":\"https:\/\/www.alpinsolv.ro\/lichidaristocuri\/product\/pompa-grundfos-tpe\/#breadcrumb\"},\"inLanguage\":\"ro-RO\",\"potentialAction\":[{\"@type\":\"ReadAction\",\"target\":[\"https:\/\/www.alpinsolv.ro\/lichidaristocuri\/product\/pompa-grundfos-tpe\/\"]}]},{\"@type\":\"BreadcrumbList\",\"@id\":\"https:\/\/www.alpinsolv.ro\/lichidaristocuri\/product\/pompa-grundfos-tpe\/#breadcrumb\",\"itemListElement\":[{\"@type\":\"ListItem\",\"position\":1,\"name\":\"Prima pagin\u0103\",\"item\":\"https:\/\/www.alpinsolv.ro\/lichidaristocuri\/\"},{\"@type\":\"ListItem\",\"position\":2,\"name\":\"Magazin\",\"item\":\"https:\/\/www.alpinsolv.ro\/lichidaristocuri\/magazin\/\"},{\"@type\":\"ListItem\",\"position\":3,\"name\":\"Pompa Grundfos TPE 65-60\/4 A-F-A-BUBE\"}]},{\"@type\":\"WebSite\",\"@id\":\"https:\/\/www.alpinsolv.ro\/lichidaristocuri\/#website\",\"url\":\"https:\/\/www.alpinsolv.ro\/lichidaristocuri\/\",\"name\":\"ALPINSOLV SPRL\",\"description\":\"Magazin virtual\",\"publisher\":{\"@id\":\"https:\/\/www.alpinsolv.ro\/lichidaristocuri\/#organization\"},\"potentialAction\":[{\"@type\":\"SearchAction\",\"target\":{\"@type\":\"EntryPoint\",\"urlTemplate\":\"https:\/\/www.alpinsolv.ro\/lichidaristocuri\/?s={search_term_string}\"},\"query-input\":\"required name=search_term_string\"}],\"inLanguage\":\"ro-RO\"},{\"@type\":\"Organization\",\"@id\":\"https:\/\/www.alpinsolv.ro\/lichidaristocuri\/#organization\",\"name\":\"Magazin Online - Alpinsolv SPRL\",\"url\":\"https:\/\/www.alpinsolv.ro\/lichidaristocuri\/\",\"logo\":{\"@type\":\"ImageObject\",\"inLanguage\":\"ro-RO\",\"@id\":\"https:\/\/www.alpinsolv.ro\/lichidaristocuri\/#\/schema\/logo\/image\/\",\"url\":\"https:\/\/www.alpinsolv.ro\/lichidaristocuri\/canny_up\/2019\/11\/logoalpinsolv.png\",\"contentUrl\":\"https:\/\/www.alpinsolv.ro\/lichidaristocuri\/canny_up\/2019\/11\/logoalpinsolv.png\",\"width\":200,\"height\":31,\"caption\":\"Magazin Online - Alpinsolv SPRL\"},\"image\":{\"@id\":\"https:\/\/www.alpinsolv.ro\/lichidaristocuri\/#\/schema\/logo\/image\/\"},\"sameAs\":[\"https:\/\/www.facebook.com\/alpinsolv\/\"]}]}<\/script>\n<!-- \/ Yoast SEO plugin. -->","yoast_head_json":{"title":"Pompa Grundfos TPE 65-60\/4 A-F-A-BUBE - ALPINSOLV SPRL","robots":{"index":"index","follow":"follow","max-snippet":"max-snippet:-1","max-image-preview":"max-image-preview:large","max-video-preview":"max-video-preview:-1"},"canonical":"https:\/\/www.alpinsolv.ro\/lichidaristocuri\/product\/pompa-grundfos-tpe\/","og_locale":"ro_RO","og_type":"article","og_title":"Pompa Grundfos TPE 65-60\/4 A-F-A-BUBE - ALPINSOLV SPRL","og_description":"Pompa Grundfos TPE","og_url":"https:\/\/www.alpinsolv.ro\/lichidaristocuri\/product\/pompa-grundfos-tpe\/","og_site_name":"ALPINSOLV SPRL","article_publisher":"https:\/\/www.facebook.com\/alpinsolv\/","article_modified_time":"2026-03-20T07:26:51+00:00","og_image":[{"width":390,"height":500,"url":"https:\/\/www.alpinsolv.ro\/lichidaristocuri\/canny_up\/2023\/08\/Grundfos-TPE-32-604-S-A-F-A-RUUE-Pompa-obiegowa-centralnego-ogrzewania.jpg","type":"image\/jpeg"}],"twitter_card":"summary_large_image","twitter_misc":{"Timp estimat pentru citire":"3 minute"},"schema":{"@context":"https:\/\/schema.org","@graph":[{"@type":"WebPage","@id":"https:\/\/www.alpinsolv.ro\/lichidaristocuri\/product\/pompa-grundfos-tpe\/","url":"https:\/\/www.alpinsolv.ro\/lichidaristocuri\/product\/pompa-grundfos-tpe\/","name":"Pompa Grundfos TPE 65-60\/4 A-F-A-BUBE - ALPINSOLV SPRL","isPartOf":{"@id":"https:\/\/www.alpinsolv.ro\/lichidaristocuri\/#website"},"datePublished":"2026-02-02T14:15:53+00:00","dateModified":"2026-03-20T07:26:51+00:00","breadcrumb":{"@id":"https:\/\/www.alpinsolv.ro\/lichidaristocuri\/product\/pompa-grundfos-tpe\/#breadcrumb"},"inLanguage":"ro-RO","potentialAction":[{"@type":"ReadAction","target":["https:\/\/www.alpinsolv.ro\/lichidaristocuri\/product\/pompa-grundfos-tpe\/"]}]},{"@type":"BreadcrumbList","@id":"https:\/\/www.alpinsolv.ro\/lichidaristocuri\/product\/pompa-grundfos-tpe\/#breadcrumb","itemListElement":[{"@type":"ListItem","position":1,"name":"Prima pagin\u0103","item":"https:\/\/www.alpinsolv.ro\/lichidaristocuri\/"},{"@type":"ListItem","position":2,"name":"Magazin","item":"https:\/\/www.alpinsolv.ro\/lichidaristocuri\/magazin\/"},{"@type":"ListItem","position":3,"name":"Pompa Grundfos TPE 65-60\/4 A-F-A-BUBE"}]},{"@type":"WebSite","@id":"https:\/\/www.alpinsolv.ro\/lichidaristocuri\/#website","url":"https:\/\/www.alpinsolv.ro\/lichidaristocuri\/","name":"ALPINSOLV SPRL","description":"Magazin virtual","publisher":{"@id":"https:\/\/www.alpinsolv.ro\/lichidaristocuri\/#organization"},"potentialAction":[{"@type":"SearchAction","target":{"@type":"EntryPoint","urlTemplate":"https:\/\/www.alpinsolv.ro\/lichidaristocuri\/?s={search_term_string}"},"query-input":"required name=search_term_string"}],"inLanguage":"ro-RO"},{"@type":"Organization","@id":"https:\/\/www.alpinsolv.ro\/lichidaristocuri\/#organization","name":"Magazin Online - Alpinsolv SPRL","url":"https:\/\/www.alpinsolv.ro\/lichidaristocuri\/","logo":{"@type":"ImageObject","inLanguage":"ro-RO","@id":"https:\/\/www.alpinsolv.ro\/lichidaristocuri\/#\/schema\/logo\/image\/","url":"https:\/\/www.alpinsolv.ro\/lichidaristocuri\/canny_up\/2019\/11\/logoalpinsolv.png","contentUrl":"https:\/\/www.alpinsolv.ro\/lichidaristocuri\/canny_up\/2019\/11\/logoalpinsolv.png","width":200,"height":31,"caption":"Magazin Online - Alpinsolv SPRL"},"image":{"@id":"https:\/\/www.alpinsolv.ro\/lichidaristocuri\/#\/schema\/logo\/image\/"},"sameAs":["https:\/\/www.facebook.com\/alpinsolv\/"]}]}},"_links":{"self":[{"href":"https:\/\/www.alpinsolv.ro\/lichidaristocuri\/wp-json\/wp\/v2\/product\/3908"}],"collection":[{"href":"https:\/\/www.alpinsolv.ro\/lichidaristocuri\/wp-json\/wp\/v2\/product"}],"about":[{"href":"https:\/\/www.alpinsolv.ro\/lichidaristocuri\/wp-json\/wp\/v2\/types\/product"}],"replies":[{"embeddable":true,"href":"https:\/\/www.alpinsolv.ro\/lichidaristocuri\/wp-json\/wp\/v2\/comments?post=3908"}],"version-history":[{"count":5,"href":"https:\/\/www.alpinsolv.ro\/lichidaristocuri\/wp-json\/wp\/v2\/product\/3908\/revisions"}],"predecessor-version":[{"id":4219,"href":"https:\/\/www.alpinsolv.ro\/lichidaristocuri\/wp-json\/wp\/v2\/product\/3908\/revisions\/4219"}],"wp:featuredmedia":[{"embeddable":true,"href":"https:\/\/www.alpinsolv.ro\/lichidaristocuri\/wp-json\/wp\/v2\/media\/3912"}],"wp:attachment":[{"href":"https:\/\/www.alpinsolv.ro\/lichidaristocuri\/wp-json\/wp\/v2\/media?parent=3908"}],"wp:term":[{"taxonomy":"product_cat","embeddable":true,"href":"https:\/\/www.alpinsolv.ro\/lichidaristocuri\/wp-json\/wp\/v2\/product_cat?post=3908"},{"taxonomy":"product_tag","embeddable":true,"href":"https:\/\/www.alpinsolv.ro\/lichidaristocuri\/wp-json\/wp\/v2\/product_tag?post=3908"}],"curies":[{"name":"wp","href":"https:\/\/api.w.org\/{rel}","templated":true}]}}