{"id":3693,"date":"2026-02-28T20:57:34","date_gmt":"2026-02-28T18:57:34","guid":{"rendered":"https:\/\/www.alpinsolv.ro\/lichidaristocuri\/?post_type=product&#038;p=3693"},"modified":"2026-03-20T09:23:50","modified_gmt":"2026-03-20T07:23:50","slug":"stoc-panouri-fotovoltaice-amorfe-wurth-solar-wsg0036m080","status":"publish","type":"product","link":"https:\/\/www.alpinsolv.ro\/lichidaristocuri\/product\/stoc-panouri-fotovoltaice-amorfe-wurth-solar-wsg0036m080\/","title":{"rendered":"Stoc panouri fotovoltaice amorfe W\u0171rth Solar WSG0036M080 &#8211; V\u00e2nzare directa"},"content":{"rendered":"<p><span style=\"color: #000000\">V\u00e2nzare direct\u0103, 240 buc Panouri fotovoltaice &#8211; W\u0171rth Solar WSG0036M080 la 60 de lei\/buc, societatea v\u00e2nz\u0103toare nu este pl\u0103titoare de TVA.<\/span><\/p>\n<p><span style=\"color: #000000\">Detalii tehnice:<\/span><br \/>\n<span style=\"color: #000000\">Produc\u0103tor = W\u0171rth Solar;<\/span><br \/>\n<span style=\"color: #000000\">Tip = WSG0036M080;<\/span><br \/>\n<span style=\"color: #000000\">Putere STC = 80 wp;<\/span><br \/>\n<span style=\"color: #000000\">Tensiune = 35V;<\/span><br \/>\n<span style=\"color: #000000\">Tensiune pe circuit deschis = 44V;<\/span><br \/>\n<span style=\"color: #000000\">Scurtcircuit = 2,5A;<\/span><br \/>\n<span style=\"color: #000000\">Tensiune max. sistem = 1000V;<\/span><br \/>\n<span style=\"color: #000000\">Greutate\u00a0 = 12,7 kg;<\/span><br \/>\n<span style=\"color: #000000\">Presiune maxima suportata = 2,4 kN\/mp;<\/span><br \/>\n<span style=\"color: #000000\">Constructie = modular\u0103 sticl\u0103-sticl\u0103;<\/span><br \/>\n<span style=\"color: #000000\">Tehnologie = amorf;<\/span><\/p>\n<p><span style=\"color: #000000\">Rela\u0163ii suplimentare se pot ob\u0163ine la tel. 0787\/583617, e-mail: office@alpinsolv.ro.<\/span><\/p>\n","protected":false},"excerpt":{"rendered":"<p>V\u00e2nzare direct\u0103, 240 buc Panouri fotovoltaice &#8211; W\u0171rth Solar WSG0036M080 la 60 de lei\/buc, societatea v\u00e2nz\u0103toare nu este pl\u0103titoare de TVA. Detalii tehnice: Produc\u0103tor = W\u0171rth Solar; Tip = WSG0036M080; Putere STC = 80 wp; Tensiune = 35V; Tensiune pe circuit deschis = 44V; Scurtcircuit = 2,5A; Tensiune max. sistem = 1000V; Greutate\u00a0 = 12,7 [&hellip;]<\/p>\n","protected":false},"featured_media":4216,"comment_status":"open","ping_status":"closed","template":"","meta":{"content-type":""},"product_cat":[51,64],"product_tag":[91,117],"yoast_head":"<!-- This site is optimized with the Yoast SEO plugin v19.12 - https:\/\/yoast.com\/wordpress\/plugins\/seo\/ -->\n<title>Stoc panouri fotovoltaice amorfe W\u0171rth Solar WSG0036M080 - V\u00e2nzare directa - ALPINSOLV SPRL<\/title>\n<meta name=\"robots\" content=\"index, follow, max-snippet:-1, max-image-preview:large, max-video-preview:-1\" \/>\n<link rel=\"canonical\" href=\"https:\/\/www.alpinsolv.ro\/lichidaristocuri\/product\/stoc-panouri-fotovoltaice-amorfe-wurth-solar-wsg0036m080\/\" \/>\n<meta property=\"og:locale\" content=\"ro_RO\" \/>\n<meta property=\"og:type\" content=\"article\" \/>\n<meta property=\"og:title\" content=\"Stoc panouri fotovoltaice amorfe W\u0171rth Solar WSG0036M080 - V\u00e2nzare directa - ALPINSOLV SPRL\" \/>\n<meta property=\"og:description\" content=\"V\u00e2nzare direct\u0103, 240 buc Panouri fotovoltaice &#8211; W\u0171rth Solar WSG0036M080 la 60 de lei\/buc, societatea v\u00e2nz\u0103toare nu este pl\u0103titoare de TVA. Detalii tehnice: Produc\u0103tor = W\u0171rth Solar; Tip = WSG0036M080; Putere STC = 80 wp; Tensiune = 35V; Tensiune pe circuit deschis = 44V; Scurtcircuit = 2,5A; Tensiune max. sistem = 1000V; Greutate\u00a0 = 12,7 [&hellip;]\" \/>\n<meta property=\"og:url\" content=\"https:\/\/www.alpinsolv.ro\/lichidaristocuri\/product\/stoc-panouri-fotovoltaice-amorfe-wurth-solar-wsg0036m080\/\" \/>\n<meta property=\"og:site_name\" content=\"ALPINSOLV SPRL\" \/>\n<meta property=\"article:publisher\" content=\"https:\/\/www.facebook.com\/alpinsolv\/\" \/>\n<meta property=\"article:modified_time\" content=\"2026-03-20T07:23:50+00:00\" \/>\n<meta property=\"og:image\" content=\"https:\/\/www.alpinsolv.ro\/lichidaristocuri\/canny_up\/2026\/02\/WhatsApp-Image-2021-06-20-at-18.41.03-20.jpeg\" \/>\n\t<meta property=\"og:image:width\" content=\"900\" \/>\n\t<meta property=\"og:image:height\" content=\"1600\" \/>\n\t<meta property=\"og:image:type\" content=\"image\/jpeg\" \/>\n<meta name=\"twitter:card\" content=\"summary_large_image\" \/>\n<meta name=\"twitter:label1\" content=\"Timp estimat pentru citire\" \/>\n\t<meta name=\"twitter:data1\" content=\"1 minut\" \/>\n<script type=\"application\/ld+json\" class=\"yoast-schema-graph\">{\"@context\":\"https:\/\/schema.org\",\"@graph\":[{\"@type\":\"WebPage\",\"@id\":\"https:\/\/www.alpinsolv.ro\/lichidaristocuri\/product\/stoc-panouri-fotovoltaice-amorfe-wurth-solar-wsg0036m080\/\",\"url\":\"https:\/\/www.alpinsolv.ro\/lichidaristocuri\/product\/stoc-panouri-fotovoltaice-amorfe-wurth-solar-wsg0036m080\/\",\"name\":\"Stoc panouri fotovoltaice amorfe W\u0171rth Solar WSG0036M080 - V\u00e2nzare directa - ALPINSOLV SPRL\",\"isPartOf\":{\"@id\":\"https:\/\/www.alpinsolv.ro\/lichidaristocuri\/#website\"},\"datePublished\":\"2026-02-28T18:57:34+00:00\",\"dateModified\":\"2026-03-20T07:23:50+00:00\",\"breadcrumb\":{\"@id\":\"https:\/\/www.alpinsolv.ro\/lichidaristocuri\/product\/stoc-panouri-fotovoltaice-amorfe-wurth-solar-wsg0036m080\/#breadcrumb\"},\"inLanguage\":\"ro-RO\",\"potentialAction\":[{\"@type\":\"ReadAction\",\"target\":[\"https:\/\/www.alpinsolv.ro\/lichidaristocuri\/product\/stoc-panouri-fotovoltaice-amorfe-wurth-solar-wsg0036m080\/\"]}]},{\"@type\":\"BreadcrumbList\",\"@id\":\"https:\/\/www.alpinsolv.ro\/lichidaristocuri\/product\/stoc-panouri-fotovoltaice-amorfe-wurth-solar-wsg0036m080\/#breadcrumb\",\"itemListElement\":[{\"@type\":\"ListItem\",\"position\":1,\"name\":\"Prima pagin\u0103\",\"item\":\"https:\/\/www.alpinsolv.ro\/lichidaristocuri\/\"},{\"@type\":\"ListItem\",\"position\":2,\"name\":\"Magazin\",\"item\":\"https:\/\/www.alpinsolv.ro\/lichidaristocuri\/magazin\/\"},{\"@type\":\"ListItem\",\"position\":3,\"name\":\"Stoc panouri fotovoltaice amorfe W\u0171rth Solar WSG0036M080 &#8211; V\u00e2nzare directa\"}]},{\"@type\":\"WebSite\",\"@id\":\"https:\/\/www.alpinsolv.ro\/lichidaristocuri\/#website\",\"url\":\"https:\/\/www.alpinsolv.ro\/lichidaristocuri\/\",\"name\":\"ALPINSOLV SPRL\",\"description\":\"Magazin virtual\",\"publisher\":{\"@id\":\"https:\/\/www.alpinsolv.ro\/lichidaristocuri\/#organization\"},\"potentialAction\":[{\"@type\":\"SearchAction\",\"target\":{\"@type\":\"EntryPoint\",\"urlTemplate\":\"https:\/\/www.alpinsolv.ro\/lichidaristocuri\/?s={search_term_string}\"},\"query-input\":\"required name=search_term_string\"}],\"inLanguage\":\"ro-RO\"},{\"@type\":\"Organization\",\"@id\":\"https:\/\/www.alpinsolv.ro\/lichidaristocuri\/#organization\",\"name\":\"Magazin Online - Alpinsolv SPRL\",\"url\":\"https:\/\/www.alpinsolv.ro\/lichidaristocuri\/\",\"logo\":{\"@type\":\"ImageObject\",\"inLanguage\":\"ro-RO\",\"@id\":\"https:\/\/www.alpinsolv.ro\/lichidaristocuri\/#\/schema\/logo\/image\/\",\"url\":\"https:\/\/www.alpinsolv.ro\/lichidaristocuri\/canny_up\/2019\/11\/logoalpinsolv.png\",\"contentUrl\":\"https:\/\/www.alpinsolv.ro\/lichidaristocuri\/canny_up\/2019\/11\/logoalpinsolv.png\",\"width\":200,\"height\":31,\"caption\":\"Magazin Online - Alpinsolv SPRL\"},\"image\":{\"@id\":\"https:\/\/www.alpinsolv.ro\/lichidaristocuri\/#\/schema\/logo\/image\/\"},\"sameAs\":[\"https:\/\/www.facebook.com\/alpinsolv\/\"]}]}<\/script>\n<!-- \/ Yoast SEO plugin. -->","yoast_head_json":{"title":"Stoc panouri fotovoltaice amorfe W\u0171rth Solar WSG0036M080 - V\u00e2nzare directa - ALPINSOLV SPRL","robots":{"index":"index","follow":"follow","max-snippet":"max-snippet:-1","max-image-preview":"max-image-preview:large","max-video-preview":"max-video-preview:-1"},"canonical":"https:\/\/www.alpinsolv.ro\/lichidaristocuri\/product\/stoc-panouri-fotovoltaice-amorfe-wurth-solar-wsg0036m080\/","og_locale":"ro_RO","og_type":"article","og_title":"Stoc panouri fotovoltaice amorfe W\u0171rth Solar WSG0036M080 - V\u00e2nzare directa - ALPINSOLV SPRL","og_description":"V\u00e2nzare direct\u0103, 240 buc Panouri fotovoltaice &#8211; W\u0171rth Solar WSG0036M080 la 60 de lei\/buc, societatea v\u00e2nz\u0103toare nu este pl\u0103titoare de TVA. Detalii tehnice: Produc\u0103tor = W\u0171rth Solar; Tip = WSG0036M080; Putere STC = 80 wp; Tensiune = 35V; Tensiune pe circuit deschis = 44V; Scurtcircuit = 2,5A; Tensiune max. sistem = 1000V; Greutate\u00a0 = 12,7 [&hellip;]","og_url":"https:\/\/www.alpinsolv.ro\/lichidaristocuri\/product\/stoc-panouri-fotovoltaice-amorfe-wurth-solar-wsg0036m080\/","og_site_name":"ALPINSOLV SPRL","article_publisher":"https:\/\/www.facebook.com\/alpinsolv\/","article_modified_time":"2026-03-20T07:23:50+00:00","og_image":[{"width":900,"height":1600,"url":"https:\/\/www.alpinsolv.ro\/lichidaristocuri\/canny_up\/2026\/02\/WhatsApp-Image-2021-06-20-at-18.41.03-20.jpeg","type":"image\/jpeg"}],"twitter_card":"summary_large_image","twitter_misc":{"Timp estimat pentru citire":"1 minut"},"schema":{"@context":"https:\/\/schema.org","@graph":[{"@type":"WebPage","@id":"https:\/\/www.alpinsolv.ro\/lichidaristocuri\/product\/stoc-panouri-fotovoltaice-amorfe-wurth-solar-wsg0036m080\/","url":"https:\/\/www.alpinsolv.ro\/lichidaristocuri\/product\/stoc-panouri-fotovoltaice-amorfe-wurth-solar-wsg0036m080\/","name":"Stoc panouri fotovoltaice amorfe W\u0171rth Solar WSG0036M080 - V\u00e2nzare directa - ALPINSOLV SPRL","isPartOf":{"@id":"https:\/\/www.alpinsolv.ro\/lichidaristocuri\/#website"},"datePublished":"2026-02-28T18:57:34+00:00","dateModified":"2026-03-20T07:23:50+00:00","breadcrumb":{"@id":"https:\/\/www.alpinsolv.ro\/lichidaristocuri\/product\/stoc-panouri-fotovoltaice-amorfe-wurth-solar-wsg0036m080\/#breadcrumb"},"inLanguage":"ro-RO","potentialAction":[{"@type":"ReadAction","target":["https:\/\/www.alpinsolv.ro\/lichidaristocuri\/product\/stoc-panouri-fotovoltaice-amorfe-wurth-solar-wsg0036m080\/"]}]},{"@type":"BreadcrumbList","@id":"https:\/\/www.alpinsolv.ro\/lichidaristocuri\/product\/stoc-panouri-fotovoltaice-amorfe-wurth-solar-wsg0036m080\/#breadcrumb","itemListElement":[{"@type":"ListItem","position":1,"name":"Prima pagin\u0103","item":"https:\/\/www.alpinsolv.ro\/lichidaristocuri\/"},{"@type":"ListItem","position":2,"name":"Magazin","item":"https:\/\/www.alpinsolv.ro\/lichidaristocuri\/magazin\/"},{"@type":"ListItem","position":3,"name":"Stoc panouri fotovoltaice amorfe W\u0171rth Solar WSG0036M080 &#8211; V\u00e2nzare directa"}]},{"@type":"WebSite","@id":"https:\/\/www.alpinsolv.ro\/lichidaristocuri\/#website","url":"https:\/\/www.alpinsolv.ro\/lichidaristocuri\/","name":"ALPINSOLV SPRL","description":"Magazin virtual","publisher":{"@id":"https:\/\/www.alpinsolv.ro\/lichidaristocuri\/#organization"},"potentialAction":[{"@type":"SearchAction","target":{"@type":"EntryPoint","urlTemplate":"https:\/\/www.alpinsolv.ro\/lichidaristocuri\/?s={search_term_string}"},"query-input":"required name=search_term_string"}],"inLanguage":"ro-RO"},{"@type":"Organization","@id":"https:\/\/www.alpinsolv.ro\/lichidaristocuri\/#organization","name":"Magazin Online - Alpinsolv SPRL","url":"https:\/\/www.alpinsolv.ro\/lichidaristocuri\/","logo":{"@type":"ImageObject","inLanguage":"ro-RO","@id":"https:\/\/www.alpinsolv.ro\/lichidaristocuri\/#\/schema\/logo\/image\/","url":"https:\/\/www.alpinsolv.ro\/lichidaristocuri\/canny_up\/2019\/11\/logoalpinsolv.png","contentUrl":"https:\/\/www.alpinsolv.ro\/lichidaristocuri\/canny_up\/2019\/11\/logoalpinsolv.png","width":200,"height":31,"caption":"Magazin Online - Alpinsolv SPRL"},"image":{"@id":"https:\/\/www.alpinsolv.ro\/lichidaristocuri\/#\/schema\/logo\/image\/"},"sameAs":["https:\/\/www.facebook.com\/alpinsolv\/"]}]}},"_links":{"self":[{"href":"https:\/\/www.alpinsolv.ro\/lichidaristocuri\/wp-json\/wp\/v2\/product\/3693"}],"collection":[{"href":"https:\/\/www.alpinsolv.ro\/lichidaristocuri\/wp-json\/wp\/v2\/product"}],"about":[{"href":"https:\/\/www.alpinsolv.ro\/lichidaristocuri\/wp-json\/wp\/v2\/types\/product"}],"replies":[{"embeddable":true,"href":"https:\/\/www.alpinsolv.ro\/lichidaristocuri\/wp-json\/wp\/v2\/comments?post=3693"}],"version-history":[{"count":28,"href":"https:\/\/www.alpinsolv.ro\/lichidaristocuri\/wp-json\/wp\/v2\/product\/3693\/revisions"}],"predecessor-version":[{"id":3697,"href":"https:\/\/www.alpinsolv.ro\/lichidaristocuri\/wp-json\/wp\/v2\/product\/3693\/revisions\/3697"}],"wp:featuredmedia":[{"embeddable":true,"href":"https:\/\/www.alpinsolv.ro\/lichidaristocuri\/wp-json\/wp\/v2\/media\/4216"}],"wp:attachment":[{"href":"https:\/\/www.alpinsolv.ro\/lichidaristocuri\/wp-json\/wp\/v2\/media?parent=3693"}],"wp:term":[{"taxonomy":"product_cat","embeddable":true,"href":"https:\/\/www.alpinsolv.ro\/lichidaristocuri\/wp-json\/wp\/v2\/product_cat?post=3693"},{"taxonomy":"product_tag","embeddable":true,"href":"https:\/\/www.alpinsolv.ro\/lichidaristocuri\/wp-json\/wp\/v2\/product_tag?post=3693"}],"curies":[{"name":"wp","href":"https:\/\/api.w.org\/{rel}","templated":true}]}}