{"id":2786,"date":"2026-02-28T12:26:22","date_gmt":"2026-02-28T10:26:22","guid":{"rendered":"https:\/\/www.alpinsolv.ro\/lichidaristocuri\/?post_type=product&#038;p=2786"},"modified":"2026-03-19T19:06:10","modified_gmt":"2026-03-19T17:06:10","slug":"teren-intravilan-lacu-rosu-harghita","status":"publish","type":"product","link":"https:\/\/www.alpinsolv.ro\/lichidaristocuri\/product\/teren-intravilan-lacu-rosu-harghita\/","title":{"rendered":"15000 mp &#8211; Teren statiunea Lacu Rosu &#8211; Harghita"},"content":{"rendered":"<p><span style=\"color: #000000\">Teren intravilan construibil \u00een sta\u021biunea Lacu Rosu, Harghita.\u00a0 <\/span><span style=\"color: #000000\">La limita proprietatii exista LEA 0,4 kv.\u00a0<\/span><\/p>\n<p><span style=\"color: #000000\">Terenul este cadastrat si intabulat \u00een dou\u0103 numere cadastrare fiind traversat de r\u00e2u; pret negociabil pornind de la 5,9 Euro\/mp. <\/span><span style=\"color: #000000\">Suprafata totala este 15000 mp.<\/span><\/p>\n<p><span style=\"color: #000000\">Pentru info sunati la <span style=\"color: #ff0000\">0733 501 358<\/span> sau <span style=\"color: #ff0000\">0747437300<\/span><\/span><\/p>\n","protected":false},"excerpt":{"rendered":"<p>Teren intravilan construibil \u00een sta\u021biunea Lacu Rosu, Harghita.\u00a0 La limita proprietatii exista LEA 0,4 kv.\u00a0 Terenul este cadastrat si intabulat \u00een dou\u0103 numere cadastrare fiind traversat de r\u00e2u; pret negociabil pornind de la 5,9 Euro\/mp. Suprafata totala este 15000 mp. Pentru info sunati la 0733 501 358 sau 0747437300<\/p>\n","protected":false},"featured_media":4198,"comment_status":"open","ping_status":"closed","template":"","meta":{"content-type":""},"product_cat":[50,81],"product_tag":[111,109],"yoast_head":"<!-- This site is optimized with the Yoast SEO plugin v19.12 - https:\/\/yoast.com\/wordpress\/plugins\/seo\/ -->\n<title>15000 mp - Teren statiunea Lacu Rosu - Harghita - ALPINSOLV SPRL<\/title>\n<meta name=\"robots\" content=\"index, follow, max-snippet:-1, max-image-preview:large, max-video-preview:-1\" \/>\n<link rel=\"canonical\" href=\"https:\/\/www.alpinsolv.ro\/lichidaristocuri\/product\/teren-intravilan-lacu-rosu-harghita\/\" \/>\n<meta property=\"og:locale\" content=\"ro_RO\" \/>\n<meta property=\"og:type\" content=\"article\" \/>\n<meta property=\"og:title\" content=\"15000 mp - Teren statiunea Lacu Rosu - Harghita - ALPINSOLV SPRL\" \/>\n<meta property=\"og:description\" content=\"Teren intravilan construibil \u00een sta\u021biunea Lacu Rosu, Harghita.\u00a0 La limita proprietatii exista LEA 0,4 kv.\u00a0 Terenul este cadastrat si intabulat \u00een dou\u0103 numere cadastrare fiind traversat de r\u00e2u; pret negociabil pornind de la 5,9 Euro\/mp. Suprafata totala este 15000 mp. Pentru info sunati la 0733 501 358 sau 0747437300\" \/>\n<meta property=\"og:url\" content=\"https:\/\/www.alpinsolv.ro\/lichidaristocuri\/product\/teren-intravilan-lacu-rosu-harghita\/\" \/>\n<meta property=\"og:site_name\" content=\"ALPINSOLV SPRL\" \/>\n<meta property=\"article:publisher\" content=\"https:\/\/www.facebook.com\/alpinsolv\/\" \/>\n<meta property=\"article:modified_time\" content=\"2026-03-19T17:06:10+00:00\" \/>\n<meta property=\"og:image\" content=\"https:\/\/www.alpinsolv.ro\/lichidaristocuri\/canny_up\/2022\/07\/Imagine-pt-site.png\" \/>\n\t<meta property=\"og:image:width\" content=\"947\" \/>\n\t<meta property=\"og:image:height\" content=\"555\" \/>\n\t<meta property=\"og:image:type\" content=\"image\/png\" \/>\n<meta name=\"twitter:card\" content=\"summary_large_image\" \/>\n<meta name=\"twitter:label1\" content=\"Timp estimat pentru citire\" \/>\n\t<meta name=\"twitter:data1\" content=\"1 minut\" \/>\n<script type=\"application\/ld+json\" class=\"yoast-schema-graph\">{\"@context\":\"https:\/\/schema.org\",\"@graph\":[{\"@type\":\"WebPage\",\"@id\":\"https:\/\/www.alpinsolv.ro\/lichidaristocuri\/product\/teren-intravilan-lacu-rosu-harghita\/\",\"url\":\"https:\/\/www.alpinsolv.ro\/lichidaristocuri\/product\/teren-intravilan-lacu-rosu-harghita\/\",\"name\":\"15000 mp - Teren statiunea Lacu Rosu - Harghita - ALPINSOLV SPRL\",\"isPartOf\":{\"@id\":\"https:\/\/www.alpinsolv.ro\/lichidaristocuri\/#website\"},\"datePublished\":\"2026-02-28T10:26:22+00:00\",\"dateModified\":\"2026-03-19T17:06:10+00:00\",\"breadcrumb\":{\"@id\":\"https:\/\/www.alpinsolv.ro\/lichidaristocuri\/product\/teren-intravilan-lacu-rosu-harghita\/#breadcrumb\"},\"inLanguage\":\"ro-RO\",\"potentialAction\":[{\"@type\":\"ReadAction\",\"target\":[\"https:\/\/www.alpinsolv.ro\/lichidaristocuri\/product\/teren-intravilan-lacu-rosu-harghita\/\"]}]},{\"@type\":\"BreadcrumbList\",\"@id\":\"https:\/\/www.alpinsolv.ro\/lichidaristocuri\/product\/teren-intravilan-lacu-rosu-harghita\/#breadcrumb\",\"itemListElement\":[{\"@type\":\"ListItem\",\"position\":1,\"name\":\"Prima pagin\u0103\",\"item\":\"https:\/\/www.alpinsolv.ro\/lichidaristocuri\/\"},{\"@type\":\"ListItem\",\"position\":2,\"name\":\"Magazin\",\"item\":\"https:\/\/www.alpinsolv.ro\/lichidaristocuri\/magazin\/\"},{\"@type\":\"ListItem\",\"position\":3,\"name\":\"15000 mp &#8211; Teren statiunea Lacu Rosu &#8211; Harghita\"}]},{\"@type\":\"WebSite\",\"@id\":\"https:\/\/www.alpinsolv.ro\/lichidaristocuri\/#website\",\"url\":\"https:\/\/www.alpinsolv.ro\/lichidaristocuri\/\",\"name\":\"ALPINSOLV SPRL\",\"description\":\"Magazin virtual\",\"publisher\":{\"@id\":\"https:\/\/www.alpinsolv.ro\/lichidaristocuri\/#organization\"},\"potentialAction\":[{\"@type\":\"SearchAction\",\"target\":{\"@type\":\"EntryPoint\",\"urlTemplate\":\"https:\/\/www.alpinsolv.ro\/lichidaristocuri\/?s={search_term_string}\"},\"query-input\":\"required name=search_term_string\"}],\"inLanguage\":\"ro-RO\"},{\"@type\":\"Organization\",\"@id\":\"https:\/\/www.alpinsolv.ro\/lichidaristocuri\/#organization\",\"name\":\"Magazin Online - Alpinsolv SPRL\",\"url\":\"https:\/\/www.alpinsolv.ro\/lichidaristocuri\/\",\"logo\":{\"@type\":\"ImageObject\",\"inLanguage\":\"ro-RO\",\"@id\":\"https:\/\/www.alpinsolv.ro\/lichidaristocuri\/#\/schema\/logo\/image\/\",\"url\":\"https:\/\/www.alpinsolv.ro\/lichidaristocuri\/canny_up\/2019\/11\/logoalpinsolv.png\",\"contentUrl\":\"https:\/\/www.alpinsolv.ro\/lichidaristocuri\/canny_up\/2019\/11\/logoalpinsolv.png\",\"width\":200,\"height\":31,\"caption\":\"Magazin Online - Alpinsolv SPRL\"},\"image\":{\"@id\":\"https:\/\/www.alpinsolv.ro\/lichidaristocuri\/#\/schema\/logo\/image\/\"},\"sameAs\":[\"https:\/\/www.facebook.com\/alpinsolv\/\"]}]}<\/script>\n<!-- \/ Yoast SEO plugin. -->","yoast_head_json":{"title":"15000 mp - Teren statiunea Lacu Rosu - Harghita - ALPINSOLV SPRL","robots":{"index":"index","follow":"follow","max-snippet":"max-snippet:-1","max-image-preview":"max-image-preview:large","max-video-preview":"max-video-preview:-1"},"canonical":"https:\/\/www.alpinsolv.ro\/lichidaristocuri\/product\/teren-intravilan-lacu-rosu-harghita\/","og_locale":"ro_RO","og_type":"article","og_title":"15000 mp - Teren statiunea Lacu Rosu - Harghita - ALPINSOLV SPRL","og_description":"Teren intravilan construibil \u00een sta\u021biunea Lacu Rosu, Harghita.\u00a0 La limita proprietatii exista LEA 0,4 kv.\u00a0 Terenul este cadastrat si intabulat \u00een dou\u0103 numere cadastrare fiind traversat de r\u00e2u; pret negociabil pornind de la 5,9 Euro\/mp. Suprafata totala este 15000 mp. Pentru info sunati la 0733 501 358 sau 0747437300","og_url":"https:\/\/www.alpinsolv.ro\/lichidaristocuri\/product\/teren-intravilan-lacu-rosu-harghita\/","og_site_name":"ALPINSOLV SPRL","article_publisher":"https:\/\/www.facebook.com\/alpinsolv\/","article_modified_time":"2026-03-19T17:06:10+00:00","og_image":[{"width":947,"height":555,"url":"https:\/\/www.alpinsolv.ro\/lichidaristocuri\/canny_up\/2022\/07\/Imagine-pt-site.png","type":"image\/png"}],"twitter_card":"summary_large_image","twitter_misc":{"Timp estimat pentru citire":"1 minut"},"schema":{"@context":"https:\/\/schema.org","@graph":[{"@type":"WebPage","@id":"https:\/\/www.alpinsolv.ro\/lichidaristocuri\/product\/teren-intravilan-lacu-rosu-harghita\/","url":"https:\/\/www.alpinsolv.ro\/lichidaristocuri\/product\/teren-intravilan-lacu-rosu-harghita\/","name":"15000 mp - Teren statiunea Lacu Rosu - Harghita - ALPINSOLV SPRL","isPartOf":{"@id":"https:\/\/www.alpinsolv.ro\/lichidaristocuri\/#website"},"datePublished":"2026-02-28T10:26:22+00:00","dateModified":"2026-03-19T17:06:10+00:00","breadcrumb":{"@id":"https:\/\/www.alpinsolv.ro\/lichidaristocuri\/product\/teren-intravilan-lacu-rosu-harghita\/#breadcrumb"},"inLanguage":"ro-RO","potentialAction":[{"@type":"ReadAction","target":["https:\/\/www.alpinsolv.ro\/lichidaristocuri\/product\/teren-intravilan-lacu-rosu-harghita\/"]}]},{"@type":"BreadcrumbList","@id":"https:\/\/www.alpinsolv.ro\/lichidaristocuri\/product\/teren-intravilan-lacu-rosu-harghita\/#breadcrumb","itemListElement":[{"@type":"ListItem","position":1,"name":"Prima pagin\u0103","item":"https:\/\/www.alpinsolv.ro\/lichidaristocuri\/"},{"@type":"ListItem","position":2,"name":"Magazin","item":"https:\/\/www.alpinsolv.ro\/lichidaristocuri\/magazin\/"},{"@type":"ListItem","position":3,"name":"15000 mp &#8211; Teren statiunea Lacu Rosu &#8211; Harghita"}]},{"@type":"WebSite","@id":"https:\/\/www.alpinsolv.ro\/lichidaristocuri\/#website","url":"https:\/\/www.alpinsolv.ro\/lichidaristocuri\/","name":"ALPINSOLV SPRL","description":"Magazin virtual","publisher":{"@id":"https:\/\/www.alpinsolv.ro\/lichidaristocuri\/#organization"},"potentialAction":[{"@type":"SearchAction","target":{"@type":"EntryPoint","urlTemplate":"https:\/\/www.alpinsolv.ro\/lichidaristocuri\/?s={search_term_string}"},"query-input":"required name=search_term_string"}],"inLanguage":"ro-RO"},{"@type":"Organization","@id":"https:\/\/www.alpinsolv.ro\/lichidaristocuri\/#organization","name":"Magazin Online - Alpinsolv SPRL","url":"https:\/\/www.alpinsolv.ro\/lichidaristocuri\/","logo":{"@type":"ImageObject","inLanguage":"ro-RO","@id":"https:\/\/www.alpinsolv.ro\/lichidaristocuri\/#\/schema\/logo\/image\/","url":"https:\/\/www.alpinsolv.ro\/lichidaristocuri\/canny_up\/2019\/11\/logoalpinsolv.png","contentUrl":"https:\/\/www.alpinsolv.ro\/lichidaristocuri\/canny_up\/2019\/11\/logoalpinsolv.png","width":200,"height":31,"caption":"Magazin Online - Alpinsolv SPRL"},"image":{"@id":"https:\/\/www.alpinsolv.ro\/lichidaristocuri\/#\/schema\/logo\/image\/"},"sameAs":["https:\/\/www.facebook.com\/alpinsolv\/"]}]}},"_links":{"self":[{"href":"https:\/\/www.alpinsolv.ro\/lichidaristocuri\/wp-json\/wp\/v2\/product\/2786"}],"collection":[{"href":"https:\/\/www.alpinsolv.ro\/lichidaristocuri\/wp-json\/wp\/v2\/product"}],"about":[{"href":"https:\/\/www.alpinsolv.ro\/lichidaristocuri\/wp-json\/wp\/v2\/types\/product"}],"replies":[{"embeddable":true,"href":"https:\/\/www.alpinsolv.ro\/lichidaristocuri\/wp-json\/wp\/v2\/comments?post=2786"}],"version-history":[{"count":8,"href":"https:\/\/www.alpinsolv.ro\/lichidaristocuri\/wp-json\/wp\/v2\/product\/2786\/revisions"}],"predecessor-version":[{"id":4199,"href":"https:\/\/www.alpinsolv.ro\/lichidaristocuri\/wp-json\/wp\/v2\/product\/2786\/revisions\/4199"}],"wp:featuredmedia":[{"embeddable":true,"href":"https:\/\/www.alpinsolv.ro\/lichidaristocuri\/wp-json\/wp\/v2\/media\/4198"}],"wp:attachment":[{"href":"https:\/\/www.alpinsolv.ro\/lichidaristocuri\/wp-json\/wp\/v2\/media?parent=2786"}],"wp:term":[{"taxonomy":"product_cat","embeddable":true,"href":"https:\/\/www.alpinsolv.ro\/lichidaristocuri\/wp-json\/wp\/v2\/product_cat?post=2786"},{"taxonomy":"product_tag","embeddable":true,"href":"https:\/\/www.alpinsolv.ro\/lichidaristocuri\/wp-json\/wp\/v2\/product_tag?post=2786"}],"curies":[{"name":"wp","href":"https:\/\/api.w.org\/{rel}","templated":true}]}}